{"id":2376,"date":"2020-10-20T21:23:27","date_gmt":"2020-10-20T19:23:27","guid":{"rendered":"https:\/\/www.cpt-ch.ch\/?page_id=2376"},"modified":"2020-10-20T21:23:27","modified_gmt":"2020-10-20T19:23:27","slug":"principi","status":"publish","type":"page","link":"https:\/\/www.cpt-ch.ch\/it\/formazione\/principi\/","title":{"rendered":"Principi"},"content":{"rendered":"<p>Nell\u2019ambito della formazione dei cani da protezione delle greggi (CPG) gli allevatori e le allevatrici creano i presupposti ottimali, affinch\u00e9 le attitudini determinate geneticamente dei cani affidati loro possano esprimersi al massimo. Non si tratta solo dell\u2019efficacia dei CPG nella protezione, bens\u00ec anche della loro compatibilit\u00e0 con la nostra societ\u00e0. Nella fase di socializzazione dei CPG viene posta un\u2019attenzione particolare ai seguenti tre aspetti: relazione con le persone, relazione con il bestiame, relazione con gli altri cani presenti nel gruppo. Gli allevatori e le allevatrici devono strutturare l\u2019ambiente e gli spazi nella loro azienda e costruire un rapporto di fiducia con i loro CPG, affinch\u00e9 queste competenze sociali si possano sviluppare. Lo sviluppo di un legame di attaccamento con le persone non interferisce negativamente n\u00e9 con quello con il bestiame n\u00e9 con il comportamento di difesa e protezione, in compenso per\u00f2 la confidenza con l\u2019uomo rende i cani meglio gestibili. Durante tutto il periodo di formazione i cani vengono stimolati e non deprivati. Inoltre viene tenuto debito conto delle diverse fasi di sviluppo dei CPG.<\/p>\n","protected":false},"excerpt":{"rendered":"<p>Nell\u2019ambito della formazione dei cani da protezione delle greggi (CPG) gli allevatori e le allevatrici creano i presupposti ottimali, affinch\u00e9 le attitudini determinate geneticamente dei cani affidati loro possano esprimersi al massimo. Non si tratta solo dell\u2019efficacia dei CPG nella protezione, bens\u00ec anche della loro compatibilit\u00e0 con la nostra societ\u00e0. Nella fase di socializzazione dei [&hellip;]<\/p>\n","protected":false},"author":3,"featured_media":0,"parent":2374,"menu_order":1,"comment_status":"closed","ping_status":"closed","template":"","meta":{"_acf_changed":false,"footnotes":""},"class_list":["post-2376","page","type-page","status-publish","hentry"],"acf":[],"yoast_head":"<!-- This site is optimized with the Yoast SEO plugin v27.5 - https:\/\/yoast.com\/product\/yoast-seo-wordpress\/ -->\n<title>Principi - Herdenschutzhunde Schweiz<\/title>\n<meta name=\"robots\" content=\"index, follow, max-snippet:-1, max-image-preview:large, max-video-preview:-1\" \/>\n<link rel=\"canonical\" href=\"https:\/\/www.cpt-ch.ch\/it\/formazione\/principi\/\" \/>\n<meta property=\"og:locale\" content=\"it_IT\" \/>\n<meta property=\"og:type\" content=\"article\" \/>\n<meta property=\"og:title\" content=\"Principi - Herdenschutzhunde Schweiz\" \/>\n<meta property=\"og:description\" content=\"Nell\u2019ambito della formazione dei cani da protezione delle greggi (CPG) gli allevatori e le allevatrici creano i presupposti ottimali, affinch\u00e9 le attitudini determinate geneticamente dei cani affidati loro possano esprimersi al massimo. Non si tratta solo dell\u2019efficacia dei CPG nella protezione, bens\u00ec anche della loro compatibilit\u00e0 con la nostra societ\u00e0. Nella fase di socializzazione dei [&hellip;]\" \/>\n<meta property=\"og:url\" content=\"https:\/\/www.cpt-ch.ch\/it\/formazione\/principi\/\" \/>\n<meta property=\"og:site_name\" content=\"Herdenschutzhunde Schweiz\" \/>\n<meta name=\"twitter:card\" content=\"summary_large_image\" \/>\n<meta name=\"twitter:label1\" content=\"Tempo di lettura stimato\" \/>\n\t<meta name=\"twitter:data1\" content=\"1 minuto\" \/>\n<script type=\"application\/ld+json\" class=\"yoast-schema-graph\">{\"@context\":\"https:\\\/\\\/schema.org\",\"@graph\":[{\"@type\":\"WebPage\",\"@id\":\"https:\\\/\\\/www.cpt-ch.ch\\\/it\\\/formazione\\\/principi\\\/\",\"url\":\"https:\\\/\\\/www.cpt-ch.ch\\\/it\\\/formazione\\\/principi\\\/\",\"name\":\"Principi - Herdenschutzhunde Schweiz\",\"isPartOf\":{\"@id\":\"https:\\\/\\\/www.cpt-ch.ch\\\/it\\\/#website\"},\"datePublished\":\"2020-10-20T19:23:27+00:00\",\"breadcrumb\":{\"@id\":\"https:\\\/\\\/www.cpt-ch.ch\\\/it\\\/formazione\\\/principi\\\/#breadcrumb\"},\"inLanguage\":\"it-IT\",\"potentialAction\":[{\"@type\":\"ReadAction\",\"target\":[\"https:\\\/\\\/www.cpt-ch.ch\\\/it\\\/formazione\\\/principi\\\/\"]}]},{\"@type\":\"BreadcrumbList\",\"@id\":\"https:\\\/\\\/www.cpt-ch.ch\\\/it\\\/formazione\\\/principi\\\/#breadcrumb\",\"itemListElement\":[{\"@type\":\"ListItem\",\"position\":1,\"name\":\"Startseite\",\"item\":\"https:\\\/\\\/www.cpt-ch.ch\\\/it\\\/\"},{\"@type\":\"ListItem\",\"position\":2,\"name\":\"Formazione\",\"item\":\"https:\\\/\\\/www.cpt-ch.ch\\\/it\\\/formazione\\\/\"},{\"@type\":\"ListItem\",\"position\":3,\"name\":\"Principi\"}]},{\"@type\":\"WebSite\",\"@id\":\"https:\\\/\\\/www.cpt-ch.ch\\\/it\\\/#website\",\"url\":\"https:\\\/\\\/www.cpt-ch.ch\\\/it\\\/\",\"name\":\"Herdenschutzhunde Schweiz\",\"description\":\"\",\"potentialAction\":[{\"@type\":\"SearchAction\",\"target\":{\"@type\":\"EntryPoint\",\"urlTemplate\":\"https:\\\/\\\/www.cpt-ch.ch\\\/it\\\/?s={search_term_string}\"},\"query-input\":{\"@type\":\"PropertyValueSpecification\",\"valueRequired\":true,\"valueName\":\"search_term_string\"}}],\"inLanguage\":\"it-IT\"}]}<\/script>\n<!-- \/ Yoast SEO plugin. -->","yoast_head_json":{"title":"Principi - Herdenschutzhunde Schweiz","robots":{"index":"index","follow":"follow","max-snippet":"max-snippet:-1","max-image-preview":"max-image-preview:large","max-video-preview":"max-video-preview:-1"},"canonical":"https:\/\/www.cpt-ch.ch\/it\/formazione\/principi\/","og_locale":"it_IT","og_type":"article","og_title":"Principi - Herdenschutzhunde Schweiz","og_description":"Nell\u2019ambito della formazione dei cani da protezione delle greggi (CPG) gli allevatori e le allevatrici creano i presupposti ottimali, affinch\u00e9 le attitudini determinate geneticamente dei cani affidati loro possano esprimersi al massimo. Non si tratta solo dell\u2019efficacia dei CPG nella protezione, bens\u00ec anche della loro compatibilit\u00e0 con la nostra societ\u00e0. Nella fase di socializzazione dei [&hellip;]","og_url":"https:\/\/www.cpt-ch.ch\/it\/formazione\/principi\/","og_site_name":"Herdenschutzhunde Schweiz","twitter_card":"summary_large_image","twitter_misc":{"Tempo di lettura stimato":"1 minuto"},"schema":{"@context":"https:\/\/schema.org","@graph":[{"@type":"WebPage","@id":"https:\/\/www.cpt-ch.ch\/it\/formazione\/principi\/","url":"https:\/\/www.cpt-ch.ch\/it\/formazione\/principi\/","name":"Principi - Herdenschutzhunde Schweiz","isPartOf":{"@id":"https:\/\/www.cpt-ch.ch\/it\/#website"},"datePublished":"2020-10-20T19:23:27+00:00","breadcrumb":{"@id":"https:\/\/www.cpt-ch.ch\/it\/formazione\/principi\/#breadcrumb"},"inLanguage":"it-IT","potentialAction":[{"@type":"ReadAction","target":["https:\/\/www.cpt-ch.ch\/it\/formazione\/principi\/"]}]},{"@type":"BreadcrumbList","@id":"https:\/\/www.cpt-ch.ch\/it\/formazione\/principi\/#breadcrumb","itemListElement":[{"@type":"ListItem","position":1,"name":"Startseite","item":"https:\/\/www.cpt-ch.ch\/it\/"},{"@type":"ListItem","position":2,"name":"Formazione","item":"https:\/\/www.cpt-ch.ch\/it\/formazione\/"},{"@type":"ListItem","position":3,"name":"Principi"}]},{"@type":"WebSite","@id":"https:\/\/www.cpt-ch.ch\/it\/#website","url":"https:\/\/www.cpt-ch.ch\/it\/","name":"Herdenschutzhunde Schweiz","description":"","potentialAction":[{"@type":"SearchAction","target":{"@type":"EntryPoint","urlTemplate":"https:\/\/www.cpt-ch.ch\/it\/?s={search_term_string}"},"query-input":{"@type":"PropertyValueSpecification","valueRequired":true,"valueName":"search_term_string"}}],"inLanguage":"it-IT"}]}},"_links":{"self":[{"href":"https:\/\/www.cpt-ch.ch\/it\/wp-json\/wp\/v2\/pages\/2376","targetHints":{"allow":["GET"]}}],"collection":[{"href":"https:\/\/www.cpt-ch.ch\/it\/wp-json\/wp\/v2\/pages"}],"about":[{"href":"https:\/\/www.cpt-ch.ch\/it\/wp-json\/wp\/v2\/types\/page"}],"author":[{"embeddable":true,"href":"https:\/\/www.cpt-ch.ch\/it\/wp-json\/wp\/v2\/users\/3"}],"replies":[{"embeddable":true,"href":"https:\/\/www.cpt-ch.ch\/it\/wp-json\/wp\/v2\/comments?post=2376"}],"version-history":[{"count":1,"href":"https:\/\/www.cpt-ch.ch\/it\/wp-json\/wp\/v2\/pages\/2376\/revisions"}],"predecessor-version":[{"id":2377,"href":"https:\/\/www.cpt-ch.ch\/it\/wp-json\/wp\/v2\/pages\/2376\/revisions\/2377"}],"up":[{"embeddable":true,"href":"https:\/\/www.cpt-ch.ch\/it\/wp-json\/wp\/v2\/pages\/2374"}],"wp:attachment":[{"href":"https:\/\/www.cpt-ch.ch\/it\/wp-json\/wp\/v2\/media?parent=2376"}],"curies":[{"name":"wp","href":"https:\/\/api.w.org\/{rel}","templated":true}]}}