{"id":2331,"date":"2020-10-20T16:38:40","date_gmt":"2020-10-20T14:38:40","guid":{"rendered":"https:\/\/www.cpt-ch.ch\/?page_id=2331"},"modified":"2025-06-03T08:37:37","modified_gmt":"2025-06-03T06:37:37","slug":"organizzazione","status":"publish","type":"page","link":"https:\/\/www.cpt-ch.ch\/it\/verein-hsh-ch\/organizzazione\/","title":{"rendered":"Organizzazione"},"content":{"rendered":"<p>Fino al 1\u00b0 febbraio 2025 l&#8217;associazione Cani da protezione del bestiame svizzeri (CPG-CH) era accreditata dalla Confederazione per l&#8217;allevamento e la formazione dei due cani da protezione del bestiame riconosciuti Pastore Abruzzese e Montagne des Pyr\u00e9n\u00e9es.<\/p>\n<p>Dall&#8217;introduzione della nuova <strong><a href=\"https:\/\/www.fedlex.admin.ch\/eli\/cc\/1988\/517_517_517\/it\">ordinanza sulla caccia l&#8217;associazione<\/a><\/strong> non viene pi\u00f9 sostenuta dall&#8217;UFAM. Il comitato si impegna a cercare fonti di denaro alternative per mantenere l&#8217;allevamento da competizione. Cerchiamo di convincere possibilmente tutti i Cantoni dell&#8217;importanza di questo allevamento e quindi di finanziarlo. In occasione dell&#8217;AM straordinaria di novembre 2024 i membri hanno deciso di aprire l&#8217;associazione a tutte le razze.<\/p>\n<p>Ora vogliamo presentarci come organizzazione di categoria e rappresentare gli interessi di tutti i detentori di CPG.<\/p>\n<p>All&#8217;et\u00e0 di 18 mesi, i cani di protezione devono superare la VII e ottenere il riconoscimento ufficiale. Ci\u00f2 consente ai cani di protezione di adempiere il loro intervento secondo l&#8217;OCP, ossia allontanare il gregge da animali estranei. Qualora dovessero verificarsi degli episodi, in sede di valutazione della responsabilit\u00e0 del detentore di cani di protezione deve essere tenuto conto di questo scopo di intervento (<strong><a href=\"https:\/\/fedlex.data.admin.ch\/filestore\/fedlex.data.admin.ch\/eli\/cc\/2008\/416\/20250201\/it\/pdf-a\/fedlex-data-admin-ch-eli-cc-2008-416-20250201-it-pdf-a-1.pdf\">ordinanza federale sulla protezione degli animali<\/a><\/strong>).<\/p>\n<p>La pianificazione dell&#8217;allevamento di potenza viene effettuata dalla comunit\u00e0 degli allevatori delle razze riconosciute durante le riunioni degli allevatori sotto la guida della commissione tecnica.<\/p>\n<p>&nbsp;<\/p>\n","protected":false},"excerpt":{"rendered":"<p>Fino al 1\u00b0 febbraio 2025 l&#8217;associazione Cani da protezione del bestiame svizzeri (CPG-CH) era accreditata dalla Confederazione per l&#8217;allevamento e la formazione dei due cani da protezione del bestiame riconosciuti Pastore Abruzzese e Montagne des Pyr\u00e9n\u00e9es. Dall&#8217;introduzione della nuova ordinanza sulla caccia l&#8217;associazione non viene pi\u00f9 sostenuta dall&#8217;UFAM. Il comitato si impegna a cercare fonti [&hellip;]<\/p>\n","protected":false},"author":3,"featured_media":0,"parent":201,"menu_order":2,"comment_status":"closed","ping_status":"closed","template":"","meta":{"_acf_changed":false,"footnotes":""},"class_list":["post-2331","page","type-page","status-publish","hentry"],"acf":[],"yoast_head":"<!-- This site is optimized with the Yoast SEO plugin v27.5 - https:\/\/yoast.com\/product\/yoast-seo-wordpress\/ -->\n<title>Organizzazione - Herdenschutzhunde Schweiz<\/title>\n<meta name=\"robots\" content=\"index, follow, max-snippet:-1, max-image-preview:large, max-video-preview:-1\" \/>\n<link rel=\"canonical\" href=\"https:\/\/www.cpt-ch.ch\/it\/verein-hsh-ch\/organizzazione\/\" \/>\n<meta property=\"og:locale\" content=\"it_IT\" \/>\n<meta property=\"og:type\" content=\"article\" \/>\n<meta property=\"og:title\" content=\"Organizzazione - Herdenschutzhunde Schweiz\" \/>\n<meta property=\"og:description\" content=\"Fino al 1\u00b0 febbraio 2025 l&#8217;associazione Cani da protezione del bestiame svizzeri (CPG-CH) era accreditata dalla Confederazione per l&#8217;allevamento e la formazione dei due cani da protezione del bestiame riconosciuti Pastore Abruzzese e Montagne des Pyr\u00e9n\u00e9es. Dall&#8217;introduzione della nuova ordinanza sulla caccia l&#8217;associazione non viene pi\u00f9 sostenuta dall&#8217;UFAM. Il comitato si impegna a cercare fonti [&hellip;]\" \/>\n<meta property=\"og:url\" content=\"https:\/\/www.cpt-ch.ch\/it\/verein-hsh-ch\/organizzazione\/\" \/>\n<meta property=\"og:site_name\" content=\"Herdenschutzhunde Schweiz\" \/>\n<meta property=\"article:modified_time\" content=\"2025-06-03T06:37:37+00:00\" \/>\n<meta name=\"twitter:card\" content=\"summary_large_image\" \/>\n<meta name=\"twitter:label1\" content=\"Tempo di lettura stimato\" \/>\n\t<meta name=\"twitter:data1\" content=\"2 minuti\" \/>\n<script type=\"application\/ld+json\" class=\"yoast-schema-graph\">{\"@context\":\"https:\\\/\\\/schema.org\",\"@graph\":[{\"@type\":\"WebPage\",\"@id\":\"https:\\\/\\\/www.cpt-ch.ch\\\/it\\\/verein-hsh-ch\\\/organizzazione\\\/\",\"url\":\"https:\\\/\\\/www.cpt-ch.ch\\\/it\\\/verein-hsh-ch\\\/organizzazione\\\/\",\"name\":\"Organizzazione - Herdenschutzhunde Schweiz\",\"isPartOf\":{\"@id\":\"https:\\\/\\\/www.cpt-ch.ch\\\/it\\\/#website\"},\"datePublished\":\"2020-10-20T14:38:40+00:00\",\"dateModified\":\"2025-06-03T06:37:37+00:00\",\"breadcrumb\":{\"@id\":\"https:\\\/\\\/www.cpt-ch.ch\\\/it\\\/verein-hsh-ch\\\/organizzazione\\\/#breadcrumb\"},\"inLanguage\":\"it-IT\",\"potentialAction\":[{\"@type\":\"ReadAction\",\"target\":[\"https:\\\/\\\/www.cpt-ch.ch\\\/it\\\/verein-hsh-ch\\\/organizzazione\\\/\"]}]},{\"@type\":\"BreadcrumbList\",\"@id\":\"https:\\\/\\\/www.cpt-ch.ch\\\/it\\\/verein-hsh-ch\\\/organizzazione\\\/#breadcrumb\",\"itemListElement\":[{\"@type\":\"ListItem\",\"position\":1,\"name\":\"Startseite\",\"item\":\"https:\\\/\\\/www.cpt-ch.ch\\\/it\\\/\"},{\"@type\":\"ListItem\",\"position\":2,\"name\":\"Associazione CPG-CH\",\"item\":\"https:\\\/\\\/www.cpt-ch.ch\\\/it\\\/verein-hsh-ch\\\/\"},{\"@type\":\"ListItem\",\"position\":3,\"name\":\"Organizzazione\"}]},{\"@type\":\"WebSite\",\"@id\":\"https:\\\/\\\/www.cpt-ch.ch\\\/it\\\/#website\",\"url\":\"https:\\\/\\\/www.cpt-ch.ch\\\/it\\\/\",\"name\":\"Herdenschutzhunde Schweiz\",\"description\":\"\",\"potentialAction\":[{\"@type\":\"SearchAction\",\"target\":{\"@type\":\"EntryPoint\",\"urlTemplate\":\"https:\\\/\\\/www.cpt-ch.ch\\\/it\\\/?s={search_term_string}\"},\"query-input\":{\"@type\":\"PropertyValueSpecification\",\"valueRequired\":true,\"valueName\":\"search_term_string\"}}],\"inLanguage\":\"it-IT\"}]}<\/script>\n<!-- \/ Yoast SEO plugin. -->","yoast_head_json":{"title":"Organizzazione - Herdenschutzhunde Schweiz","robots":{"index":"index","follow":"follow","max-snippet":"max-snippet:-1","max-image-preview":"max-image-preview:large","max-video-preview":"max-video-preview:-1"},"canonical":"https:\/\/www.cpt-ch.ch\/it\/verein-hsh-ch\/organizzazione\/","og_locale":"it_IT","og_type":"article","og_title":"Organizzazione - Herdenschutzhunde Schweiz","og_description":"Fino al 1\u00b0 febbraio 2025 l&#8217;associazione Cani da protezione del bestiame svizzeri (CPG-CH) era accreditata dalla Confederazione per l&#8217;allevamento e la formazione dei due cani da protezione del bestiame riconosciuti Pastore Abruzzese e Montagne des Pyr\u00e9n\u00e9es. Dall&#8217;introduzione della nuova ordinanza sulla caccia l&#8217;associazione non viene pi\u00f9 sostenuta dall&#8217;UFAM. Il comitato si impegna a cercare fonti [&hellip;]","og_url":"https:\/\/www.cpt-ch.ch\/it\/verein-hsh-ch\/organizzazione\/","og_site_name":"Herdenschutzhunde Schweiz","article_modified_time":"2025-06-03T06:37:37+00:00","twitter_card":"summary_large_image","twitter_misc":{"Tempo di lettura stimato":"2 minuti"},"schema":{"@context":"https:\/\/schema.org","@graph":[{"@type":"WebPage","@id":"https:\/\/www.cpt-ch.ch\/it\/verein-hsh-ch\/organizzazione\/","url":"https:\/\/www.cpt-ch.ch\/it\/verein-hsh-ch\/organizzazione\/","name":"Organizzazione - Herdenschutzhunde Schweiz","isPartOf":{"@id":"https:\/\/www.cpt-ch.ch\/it\/#website"},"datePublished":"2020-10-20T14:38:40+00:00","dateModified":"2025-06-03T06:37:37+00:00","breadcrumb":{"@id":"https:\/\/www.cpt-ch.ch\/it\/verein-hsh-ch\/organizzazione\/#breadcrumb"},"inLanguage":"it-IT","potentialAction":[{"@type":"ReadAction","target":["https:\/\/www.cpt-ch.ch\/it\/verein-hsh-ch\/organizzazione\/"]}]},{"@type":"BreadcrumbList","@id":"https:\/\/www.cpt-ch.ch\/it\/verein-hsh-ch\/organizzazione\/#breadcrumb","itemListElement":[{"@type":"ListItem","position":1,"name":"Startseite","item":"https:\/\/www.cpt-ch.ch\/it\/"},{"@type":"ListItem","position":2,"name":"Associazione CPG-CH","item":"https:\/\/www.cpt-ch.ch\/it\/verein-hsh-ch\/"},{"@type":"ListItem","position":3,"name":"Organizzazione"}]},{"@type":"WebSite","@id":"https:\/\/www.cpt-ch.ch\/it\/#website","url":"https:\/\/www.cpt-ch.ch\/it\/","name":"Herdenschutzhunde Schweiz","description":"","potentialAction":[{"@type":"SearchAction","target":{"@type":"EntryPoint","urlTemplate":"https:\/\/www.cpt-ch.ch\/it\/?s={search_term_string}"},"query-input":{"@type":"PropertyValueSpecification","valueRequired":true,"valueName":"search_term_string"}}],"inLanguage":"it-IT"}]}},"_links":{"self":[{"href":"https:\/\/www.cpt-ch.ch\/it\/wp-json\/wp\/v2\/pages\/2331","targetHints":{"allow":["GET"]}}],"collection":[{"href":"https:\/\/www.cpt-ch.ch\/it\/wp-json\/wp\/v2\/pages"}],"about":[{"href":"https:\/\/www.cpt-ch.ch\/it\/wp-json\/wp\/v2\/types\/page"}],"author":[{"embeddable":true,"href":"https:\/\/www.cpt-ch.ch\/it\/wp-json\/wp\/v2\/users\/3"}],"replies":[{"embeddable":true,"href":"https:\/\/www.cpt-ch.ch\/it\/wp-json\/wp\/v2\/comments?post=2331"}],"version-history":[{"count":10,"href":"https:\/\/www.cpt-ch.ch\/it\/wp-json\/wp\/v2\/pages\/2331\/revisions"}],"predecessor-version":[{"id":3073,"href":"https:\/\/www.cpt-ch.ch\/it\/wp-json\/wp\/v2\/pages\/2331\/revisions\/3073"}],"up":[{"embeddable":true,"href":"https:\/\/www.cpt-ch.ch\/it\/wp-json\/wp\/v2\/pages\/201"}],"wp:attachment":[{"href":"https:\/\/www.cpt-ch.ch\/it\/wp-json\/wp\/v2\/media?parent=2331"}],"curies":[{"name":"wp","href":"https:\/\/api.w.org\/{rel}","templated":true}]}}