{"id":3263,"date":"2025-12-04T16:56:17","date_gmt":"2025-12-04T15:56:17","guid":{"rendered":"https:\/\/www.cpt-ch.ch\/?page_id=3263"},"modified":"2026-01-19T10:09:18","modified_gmt":"2026-01-19T09:09:18","slug":"partenaires-et-sponsors","status":"publish","type":"page","link":"https:\/\/www.cpt-ch.ch\/fr\/partenaires-et-sponsors\/","title":{"rendered":"Partenaires et sponsors"},"content":{"rendered":"<p>Notre travail est \u00e9galement rendu possible gr\u00e2ce \u00e0 nos partenaires et sponsors. Nous remercions tous ceux qui nous soutiennent.<\/p>\n<p><a href=\"https:\/\/www.gallagher.eu\/de_ch\"><img loading=\"lazy\" decoding=\"async\" class=\"alignleft wp-image-3227 size-medium\" src=\"https:\/\/www.cpt-ch.ch\/wp-content\/uploads\/\/Gallagher-300x98.png\" alt=\"\" width=\"300\" height=\"98\" srcset=\"https:\/\/www.cpt-ch.ch\/wp-content\/uploads\/Gallagher-300x98.png 300w, https:\/\/www.cpt-ch.ch\/wp-content\/uploads\/Gallagher-1024x334.png 1024w, https:\/\/www.cpt-ch.ch\/wp-content\/uploads\/Gallagher-768x251.png 768w, https:\/\/www.cpt-ch.ch\/wp-content\/uploads\/Gallagher.png 1280w\" sizes=\"auto, (max-width: 300px) 100vw, 300px\" \/><\/a>\u00a0 \u00a0 \u00a0 \u00a0 \u00a0 <a href=\"https:\/\/www.animalfoodag.ch\/\"><img loading=\"lazy\" decoding=\"async\" class=\"wp-image-3271 size-full aligncenter\" src=\"https:\/\/www.cpt-ch.ch\/wp-content\/uploads\/Screenshot-2025-12-13-093351.jpg\" alt=\"\" width=\"290\" height=\"53\" \/><\/a> \u00a0 \u00a0 \u00a0 <a href=\"https:\/\/www.petzeba.ch\/\"><img loading=\"lazy\" decoding=\"async\" class=\"alignright wp-image-3235 size-full\" src=\"https:\/\/www.cpt-ch.ch\/wp-content\/uploads\/logo-petZEBA-AG-200.png\" alt=\"\" width=\"200\" height=\"32\" \/><\/a><\/p>\n<p>&nbsp;<\/p>\n<p>Tu souhaites toi aussi nous aider et voir ton logo appara\u00eetre ici ? Contacte notre bureau.<\/p>\n","protected":false},"excerpt":{"rendered":"<p>Notre travail est \u00e9galement rendu possible gr\u00e2ce \u00e0 nos partenaires et sponsors. Nous remercions tous ceux qui nous soutiennent. \u00a0 \u00a0 \u00a0 \u00a0 \u00a0 \u00a0 \u00a0 \u00a0 &nbsp; Tu souhaites toi aussi nous aider et voir ton logo appara\u00eetre ici ? Contacte notre bureau.<\/p>\n","protected":false},"author":3,"featured_media":0,"parent":0,"menu_order":20,"comment_status":"closed","ping_status":"closed","template":"","meta":{"_acf_changed":false,"footnotes":""},"class_list":["post-3263","page","type-page","status-publish","hentry"],"acf":[],"yoast_head":"<!-- This site is optimized with the Yoast SEO plugin v27.4 - https:\/\/yoast.com\/product\/yoast-seo-wordpress\/ -->\n<title>Partenaires et sponsors - Chiens de protection des troupeaux Suisse<\/title>\n<meta name=\"robots\" content=\"index, follow, max-snippet:-1, max-image-preview:large, max-video-preview:-1\" \/>\n<link rel=\"canonical\" href=\"https:\/\/www.cpt-ch.ch\/fr\/partenaires-et-sponsors\/\" \/>\n<meta property=\"og:locale\" content=\"fr_FR\" \/>\n<meta property=\"og:type\" content=\"article\" \/>\n<meta property=\"og:title\" content=\"Partenaires et sponsors - Chiens de protection des troupeaux Suisse\" \/>\n<meta property=\"og:description\" content=\"Notre travail est \u00e9galement rendu possible gr\u00e2ce \u00e0 nos partenaires et sponsors. Nous remercions tous ceux qui nous soutiennent. \u00a0 \u00a0 \u00a0 \u00a0 \u00a0 \u00a0 \u00a0 \u00a0 &nbsp; Tu souhaites toi aussi nous aider et voir ton logo appara\u00eetre ici ? Contacte notre bureau.\" \/>\n<meta property=\"og:url\" content=\"https:\/\/www.cpt-ch.ch\/fr\/partenaires-et-sponsors\/\" \/>\n<meta property=\"og:site_name\" content=\"Chiens de protection des troupeaux Suisse\" \/>\n<meta property=\"article:modified_time\" content=\"2026-01-19T09:09:18+00:00\" \/>\n<meta property=\"og:image\" content=\"https:\/\/www.cpt-ch.ch\/wp-content\/uploads\/Gallagher.png\" \/>\n\t<meta property=\"og:image:width\" content=\"1280\" \/>\n\t<meta property=\"og:image:height\" content=\"418\" \/>\n\t<meta property=\"og:image:type\" content=\"image\/png\" \/>\n<meta name=\"twitter:card\" content=\"summary_large_image\" \/>\n<meta name=\"twitter:label1\" content=\"Dur\u00e9e de lecture estim\u00e9e\" \/>\n\t<meta name=\"twitter:data1\" content=\"1 minute\" \/>\n<script type=\"application\/ld+json\" class=\"yoast-schema-graph\">{\"@context\":\"https:\\\/\\\/schema.org\",\"@graph\":[{\"@type\":\"WebPage\",\"@id\":\"https:\\\/\\\/www.cpt-ch.ch\\\/fr\\\/partenaires-et-sponsors\\\/\",\"url\":\"https:\\\/\\\/www.cpt-ch.ch\\\/fr\\\/partenaires-et-sponsors\\\/\",\"name\":\"Partenaires et sponsors - Chiens de protection des troupeaux Suisse\",\"isPartOf\":{\"@id\":\"https:\\\/\\\/www.cpt-ch.ch\\\/fr\\\/#website\"},\"primaryImageOfPage\":{\"@id\":\"https:\\\/\\\/www.cpt-ch.ch\\\/fr\\\/partenaires-et-sponsors\\\/#primaryimage\"},\"image\":{\"@id\":\"https:\\\/\\\/www.cpt-ch.ch\\\/fr\\\/partenaires-et-sponsors\\\/#primaryimage\"},\"thumbnailUrl\":\"https:\\\/\\\/www.cpt-ch.ch\\\/wp-content\\\/uploads\\\/\\\/Gallagher-300x98.png\",\"datePublished\":\"2025-12-04T15:56:17+00:00\",\"dateModified\":\"2026-01-19T09:09:18+00:00\",\"breadcrumb\":{\"@id\":\"https:\\\/\\\/www.cpt-ch.ch\\\/fr\\\/partenaires-et-sponsors\\\/#breadcrumb\"},\"inLanguage\":\"fr-FR\",\"potentialAction\":[{\"@type\":\"ReadAction\",\"target\":[\"https:\\\/\\\/www.cpt-ch.ch\\\/fr\\\/partenaires-et-sponsors\\\/\"]}]},{\"@type\":\"ImageObject\",\"inLanguage\":\"fr-FR\",\"@id\":\"https:\\\/\\\/www.cpt-ch.ch\\\/fr\\\/partenaires-et-sponsors\\\/#primaryimage\",\"url\":\"https:\\\/\\\/www.cpt-ch.ch\\\/wp-content\\\/uploads\\\/\\\/Gallagher-300x98.png\",\"contentUrl\":\"https:\\\/\\\/www.cpt-ch.ch\\\/wp-content\\\/uploads\\\/\\\/Gallagher-300x98.png\"},{\"@type\":\"BreadcrumbList\",\"@id\":\"https:\\\/\\\/www.cpt-ch.ch\\\/fr\\\/partenaires-et-sponsors\\\/#breadcrumb\",\"itemListElement\":[{\"@type\":\"ListItem\",\"position\":1,\"name\":\"Startseite\",\"item\":\"https:\\\/\\\/www.cpt-ch.ch\\\/fr\\\/\"},{\"@type\":\"ListItem\",\"position\":2,\"name\":\"Partenaires et sponsors\"}]},{\"@type\":\"WebSite\",\"@id\":\"https:\\\/\\\/www.cpt-ch.ch\\\/fr\\\/#website\",\"url\":\"https:\\\/\\\/www.cpt-ch.ch\\\/fr\\\/\",\"name\":\"Chiens de protection des troupeaux Suisse\",\"description\":\"\",\"potentialAction\":[{\"@type\":\"SearchAction\",\"target\":{\"@type\":\"EntryPoint\",\"urlTemplate\":\"https:\\\/\\\/www.cpt-ch.ch\\\/fr\\\/?s={search_term_string}\"},\"query-input\":{\"@type\":\"PropertyValueSpecification\",\"valueRequired\":true,\"valueName\":\"search_term_string\"}}],\"inLanguage\":\"fr-FR\"}]}<\/script>\n<!-- \/ Yoast SEO plugin. -->","yoast_head_json":{"title":"Partenaires et sponsors - Chiens de protection des troupeaux Suisse","robots":{"index":"index","follow":"follow","max-snippet":"max-snippet:-1","max-image-preview":"max-image-preview:large","max-video-preview":"max-video-preview:-1"},"canonical":"https:\/\/www.cpt-ch.ch\/fr\/partenaires-et-sponsors\/","og_locale":"fr_FR","og_type":"article","og_title":"Partenaires et sponsors - Chiens de protection des troupeaux Suisse","og_description":"Notre travail est \u00e9galement rendu possible gr\u00e2ce \u00e0 nos partenaires et sponsors. Nous remercions tous ceux qui nous soutiennent. \u00a0 \u00a0 \u00a0 \u00a0 \u00a0 \u00a0 \u00a0 \u00a0 &nbsp; Tu souhaites toi aussi nous aider et voir ton logo appara\u00eetre ici ? Contacte notre bureau.","og_url":"https:\/\/www.cpt-ch.ch\/fr\/partenaires-et-sponsors\/","og_site_name":"Chiens de protection des troupeaux Suisse","article_modified_time":"2026-01-19T09:09:18+00:00","og_image":[{"width":1280,"height":418,"url":"https:\/\/www.cpt-ch.ch\/wp-content\/uploads\/Gallagher.png","type":"image\/png"}],"twitter_card":"summary_large_image","twitter_misc":{"Dur\u00e9e de lecture estim\u00e9e":"1 minute"},"schema":{"@context":"https:\/\/schema.org","@graph":[{"@type":"WebPage","@id":"https:\/\/www.cpt-ch.ch\/fr\/partenaires-et-sponsors\/","url":"https:\/\/www.cpt-ch.ch\/fr\/partenaires-et-sponsors\/","name":"Partenaires et sponsors - Chiens de protection des troupeaux Suisse","isPartOf":{"@id":"https:\/\/www.cpt-ch.ch\/fr\/#website"},"primaryImageOfPage":{"@id":"https:\/\/www.cpt-ch.ch\/fr\/partenaires-et-sponsors\/#primaryimage"},"image":{"@id":"https:\/\/www.cpt-ch.ch\/fr\/partenaires-et-sponsors\/#primaryimage"},"thumbnailUrl":"https:\/\/www.cpt-ch.ch\/wp-content\/uploads\/\/Gallagher-300x98.png","datePublished":"2025-12-04T15:56:17+00:00","dateModified":"2026-01-19T09:09:18+00:00","breadcrumb":{"@id":"https:\/\/www.cpt-ch.ch\/fr\/partenaires-et-sponsors\/#breadcrumb"},"inLanguage":"fr-FR","potentialAction":[{"@type":"ReadAction","target":["https:\/\/www.cpt-ch.ch\/fr\/partenaires-et-sponsors\/"]}]},{"@type":"ImageObject","inLanguage":"fr-FR","@id":"https:\/\/www.cpt-ch.ch\/fr\/partenaires-et-sponsors\/#primaryimage","url":"https:\/\/www.cpt-ch.ch\/wp-content\/uploads\/\/Gallagher-300x98.png","contentUrl":"https:\/\/www.cpt-ch.ch\/wp-content\/uploads\/\/Gallagher-300x98.png"},{"@type":"BreadcrumbList","@id":"https:\/\/www.cpt-ch.ch\/fr\/partenaires-et-sponsors\/#breadcrumb","itemListElement":[{"@type":"ListItem","position":1,"name":"Startseite","item":"https:\/\/www.cpt-ch.ch\/fr\/"},{"@type":"ListItem","position":2,"name":"Partenaires et sponsors"}]},{"@type":"WebSite","@id":"https:\/\/www.cpt-ch.ch\/fr\/#website","url":"https:\/\/www.cpt-ch.ch\/fr\/","name":"Chiens de protection des troupeaux Suisse","description":"","potentialAction":[{"@type":"SearchAction","target":{"@type":"EntryPoint","urlTemplate":"https:\/\/www.cpt-ch.ch\/fr\/?s={search_term_string}"},"query-input":{"@type":"PropertyValueSpecification","valueRequired":true,"valueName":"search_term_string"}}],"inLanguage":"fr-FR"}]}},"_links":{"self":[{"href":"https:\/\/www.cpt-ch.ch\/fr\/wp-json\/wp\/v2\/pages\/3263","targetHints":{"allow":["GET"]}}],"collection":[{"href":"https:\/\/www.cpt-ch.ch\/fr\/wp-json\/wp\/v2\/pages"}],"about":[{"href":"https:\/\/www.cpt-ch.ch\/fr\/wp-json\/wp\/v2\/types\/page"}],"author":[{"embeddable":true,"href":"https:\/\/www.cpt-ch.ch\/fr\/wp-json\/wp\/v2\/users\/3"}],"replies":[{"embeddable":true,"href":"https:\/\/www.cpt-ch.ch\/fr\/wp-json\/wp\/v2\/comments?post=3263"}],"version-history":[{"count":3,"href":"https:\/\/www.cpt-ch.ch\/fr\/wp-json\/wp\/v2\/pages\/3263\/revisions"}],"predecessor-version":[{"id":3286,"href":"https:\/\/www.cpt-ch.ch\/fr\/wp-json\/wp\/v2\/pages\/3263\/revisions\/3286"}],"wp:attachment":[{"href":"https:\/\/www.cpt-ch.ch\/fr\/wp-json\/wp\/v2\/media?parent=3263"}],"curies":[{"name":"wp","href":"https:\/\/api.w.org\/{rel}","templated":true}]}}