{"id":2048,"date":"2020-05-20T19:53:43","date_gmt":"2020-05-20T17:53:43","guid":{"rendered":"https:\/\/www.cpt-ch.ch\/?page_id=2048"},"modified":"2020-05-21T12:02:09","modified_gmt":"2020-05-21T10:02:09","slug":"concept-deducation","status":"publish","type":"page","link":"https:\/\/www.cpt-ch.ch\/fr\/education\/concept-deducation\/","title":{"rendered":"Concept d&#8217;\u00e9ducation"},"content":{"rendered":"<p>Les \u00e9leveurs basent l&#8217;\u00e9ducation de leurs chiens de protection des troupeaux (CPT) sur le\u00a0<strong><a href=\"https:\/\/www.cpt-ch.ch\/wp-content\/uploads\/Concept-education_CPT-CH_20180302.pdf\" target=\"_blank\" rel=\"noopener noreferrer\">concept d&#8217;\u00e9ducation<\/a><\/strong> de CPT-CH. Le concept s&#8217;appuie sur l&#8217;exp\u00e9rience des \u00e9leveurs au cours des 20 derni\u00e8res ann\u00e9es et a un caract\u00e8re contraignant pour tous.<\/p>\n","protected":false},"excerpt":{"rendered":"<p>Les \u00e9leveurs basent l&#8217;\u00e9ducation de leurs chiens de protection des troupeaux (CPT) sur le\u00a0concept d&#8217;\u00e9ducation de CPT-CH. Le concept s&#8217;appuie sur l&#8217;exp\u00e9rience des \u00e9leveurs au cours des 20 derni\u00e8res ann\u00e9es et a un caract\u00e8re contraignant pour tous.<\/p>\n","protected":false},"author":3,"featured_media":0,"parent":1482,"menu_order":2,"comment_status":"closed","ping_status":"closed","template":"","meta":{"_acf_changed":false,"footnotes":""},"class_list":["post-2048","page","type-page","status-publish","hentry"],"acf":[],"yoast_head":"<!-- This site is optimized with the Yoast SEO plugin v27.4 - https:\/\/yoast.com\/product\/yoast-seo-wordpress\/ -->\n<title>Concept d&#039;\u00e9ducation - Chiens de protection des troupeaux Suisse<\/title>\n<meta name=\"robots\" content=\"index, follow, max-snippet:-1, max-image-preview:large, max-video-preview:-1\" \/>\n<link rel=\"canonical\" href=\"https:\/\/www.cpt-ch.ch\/fr\/education\/concept-deducation\/\" \/>\n<meta property=\"og:locale\" content=\"fr_FR\" \/>\n<meta property=\"og:type\" content=\"article\" \/>\n<meta property=\"og:title\" content=\"Concept d&#039;\u00e9ducation - Chiens de protection des troupeaux Suisse\" \/>\n<meta property=\"og:description\" content=\"Les \u00e9leveurs basent l&#8217;\u00e9ducation de leurs chiens de protection des troupeaux (CPT) sur le\u00a0concept d&#8217;\u00e9ducation de CPT-CH. Le concept s&#8217;appuie sur l&#8217;exp\u00e9rience des \u00e9leveurs au cours des 20 derni\u00e8res ann\u00e9es et a un caract\u00e8re contraignant pour tous.\" \/>\n<meta property=\"og:url\" content=\"https:\/\/www.cpt-ch.ch\/fr\/education\/concept-deducation\/\" \/>\n<meta property=\"og:site_name\" content=\"Chiens de protection des troupeaux Suisse\" \/>\n<meta property=\"article:modified_time\" content=\"2020-05-21T10:02:09+00:00\" \/>\n<meta name=\"twitter:card\" content=\"summary_large_image\" \/>\n<script type=\"application\/ld+json\" class=\"yoast-schema-graph\">{\"@context\":\"https:\\\/\\\/schema.org\",\"@graph\":[{\"@type\":\"WebPage\",\"@id\":\"https:\\\/\\\/www.cpt-ch.ch\\\/fr\\\/education\\\/concept-deducation\\\/\",\"url\":\"https:\\\/\\\/www.cpt-ch.ch\\\/fr\\\/education\\\/concept-deducation\\\/\",\"name\":\"Concept d'\u00e9ducation - Chiens de protection des troupeaux Suisse\",\"isPartOf\":{\"@id\":\"https:\\\/\\\/www.cpt-ch.ch\\\/fr\\\/#website\"},\"datePublished\":\"2020-05-20T17:53:43+00:00\",\"dateModified\":\"2020-05-21T10:02:09+00:00\",\"breadcrumb\":{\"@id\":\"https:\\\/\\\/www.cpt-ch.ch\\\/fr\\\/education\\\/concept-deducation\\\/#breadcrumb\"},\"inLanguage\":\"fr-FR\",\"potentialAction\":[{\"@type\":\"ReadAction\",\"target\":[\"https:\\\/\\\/www.cpt-ch.ch\\\/fr\\\/education\\\/concept-deducation\\\/\"]}]},{\"@type\":\"BreadcrumbList\",\"@id\":\"https:\\\/\\\/www.cpt-ch.ch\\\/fr\\\/education\\\/concept-deducation\\\/#breadcrumb\",\"itemListElement\":[{\"@type\":\"ListItem\",\"position\":1,\"name\":\"Startseite\",\"item\":\"https:\\\/\\\/www.cpt-ch.ch\\\/fr\\\/\"},{\"@type\":\"ListItem\",\"position\":2,\"name\":\"\u00c9ducation\",\"item\":\"https:\\\/\\\/www.cpt-ch.ch\\\/fr\\\/education\\\/\"},{\"@type\":\"ListItem\",\"position\":3,\"name\":\"Concept d&#8217;\u00e9ducation\"}]},{\"@type\":\"WebSite\",\"@id\":\"https:\\\/\\\/www.cpt-ch.ch\\\/fr\\\/#website\",\"url\":\"https:\\\/\\\/www.cpt-ch.ch\\\/fr\\\/\",\"name\":\"Chiens de protection des troupeaux Suisse\",\"description\":\"\",\"potentialAction\":[{\"@type\":\"SearchAction\",\"target\":{\"@type\":\"EntryPoint\",\"urlTemplate\":\"https:\\\/\\\/www.cpt-ch.ch\\\/fr\\\/?s={search_term_string}\"},\"query-input\":{\"@type\":\"PropertyValueSpecification\",\"valueRequired\":true,\"valueName\":\"search_term_string\"}}],\"inLanguage\":\"fr-FR\"}]}<\/script>\n<!-- \/ Yoast SEO plugin. -->","yoast_head_json":{"title":"Concept d'\u00e9ducation - Chiens de protection des troupeaux Suisse","robots":{"index":"index","follow":"follow","max-snippet":"max-snippet:-1","max-image-preview":"max-image-preview:large","max-video-preview":"max-video-preview:-1"},"canonical":"https:\/\/www.cpt-ch.ch\/fr\/education\/concept-deducation\/","og_locale":"fr_FR","og_type":"article","og_title":"Concept d'\u00e9ducation - Chiens de protection des troupeaux Suisse","og_description":"Les \u00e9leveurs basent l&#8217;\u00e9ducation de leurs chiens de protection des troupeaux (CPT) sur le\u00a0concept d&#8217;\u00e9ducation de CPT-CH. Le concept s&#8217;appuie sur l&#8217;exp\u00e9rience des \u00e9leveurs au cours des 20 derni\u00e8res ann\u00e9es et a un caract\u00e8re contraignant pour tous.","og_url":"https:\/\/www.cpt-ch.ch\/fr\/education\/concept-deducation\/","og_site_name":"Chiens de protection des troupeaux Suisse","article_modified_time":"2020-05-21T10:02:09+00:00","twitter_card":"summary_large_image","schema":{"@context":"https:\/\/schema.org","@graph":[{"@type":"WebPage","@id":"https:\/\/www.cpt-ch.ch\/fr\/education\/concept-deducation\/","url":"https:\/\/www.cpt-ch.ch\/fr\/education\/concept-deducation\/","name":"Concept d'\u00e9ducation - Chiens de protection des troupeaux Suisse","isPartOf":{"@id":"https:\/\/www.cpt-ch.ch\/fr\/#website"},"datePublished":"2020-05-20T17:53:43+00:00","dateModified":"2020-05-21T10:02:09+00:00","breadcrumb":{"@id":"https:\/\/www.cpt-ch.ch\/fr\/education\/concept-deducation\/#breadcrumb"},"inLanguage":"fr-FR","potentialAction":[{"@type":"ReadAction","target":["https:\/\/www.cpt-ch.ch\/fr\/education\/concept-deducation\/"]}]},{"@type":"BreadcrumbList","@id":"https:\/\/www.cpt-ch.ch\/fr\/education\/concept-deducation\/#breadcrumb","itemListElement":[{"@type":"ListItem","position":1,"name":"Startseite","item":"https:\/\/www.cpt-ch.ch\/fr\/"},{"@type":"ListItem","position":2,"name":"\u00c9ducation","item":"https:\/\/www.cpt-ch.ch\/fr\/education\/"},{"@type":"ListItem","position":3,"name":"Concept d&#8217;\u00e9ducation"}]},{"@type":"WebSite","@id":"https:\/\/www.cpt-ch.ch\/fr\/#website","url":"https:\/\/www.cpt-ch.ch\/fr\/","name":"Chiens de protection des troupeaux Suisse","description":"","potentialAction":[{"@type":"SearchAction","target":{"@type":"EntryPoint","urlTemplate":"https:\/\/www.cpt-ch.ch\/fr\/?s={search_term_string}"},"query-input":{"@type":"PropertyValueSpecification","valueRequired":true,"valueName":"search_term_string"}}],"inLanguage":"fr-FR"}]}},"_links":{"self":[{"href":"https:\/\/www.cpt-ch.ch\/fr\/wp-json\/wp\/v2\/pages\/2048","targetHints":{"allow":["GET"]}}],"collection":[{"href":"https:\/\/www.cpt-ch.ch\/fr\/wp-json\/wp\/v2\/pages"}],"about":[{"href":"https:\/\/www.cpt-ch.ch\/fr\/wp-json\/wp\/v2\/types\/page"}],"author":[{"embeddable":true,"href":"https:\/\/www.cpt-ch.ch\/fr\/wp-json\/wp\/v2\/users\/3"}],"replies":[{"embeddable":true,"href":"https:\/\/www.cpt-ch.ch\/fr\/wp-json\/wp\/v2\/comments?post=2048"}],"version-history":[{"count":3,"href":"https:\/\/www.cpt-ch.ch\/fr\/wp-json\/wp\/v2\/pages\/2048\/revisions"}],"predecessor-version":[{"id":2050,"href":"https:\/\/www.cpt-ch.ch\/fr\/wp-json\/wp\/v2\/pages\/2048\/revisions\/2050"}],"up":[{"embeddable":true,"href":"https:\/\/www.cpt-ch.ch\/fr\/wp-json\/wp\/v2\/pages\/1482"}],"wp:attachment":[{"href":"https:\/\/www.cpt-ch.ch\/fr\/wp-json\/wp\/v2\/media?parent=2048"}],"curies":[{"name":"wp","href":"https:\/\/api.w.org\/{rel}","templated":true}]}}