{"id":2045,"date":"2020-05-20T19:52:08","date_gmt":"2020-05-20T17:52:08","guid":{"rendered":"https:\/\/www.cpt-ch.ch\/?page_id=2045"},"modified":"2020-05-21T11:59:26","modified_gmt":"2020-05-21T09:59:26","slug":"principes","status":"publish","type":"page","link":"https:\/\/www.cpt-ch.ch\/fr\/education\/principes\/","title":{"rendered":"Principes"},"content":{"rendered":"<p>Pendant l&#8217;\u00e9ducation des chiens de protection des troupeaux (CPT), les \u00e9leveurs cr\u00e9ent des conditions optimales pour que les traits h\u00e9r\u00e9ditaires des chiens qui leur sont confi\u00e9s puissent se d\u00e9ployer au maximum. Ceci ne concerne pas seulement l&#8217;efficacit\u00e9 des CPT \u00e0 prot\u00e9ger le troupeau, mais aussi de leur socialisation. Les CPT sont socialis\u00e9s \u00e0 trois niveaux\u00a0: avec les humains, avec les animaux de rente et avec la meute. Pour que cette structure relationnelle se d\u00e9veloppe, les \u00e9leveurs doivent fournir un environnement adapt\u00e9 dans leur exploitation et \u00e9tablir une confiance et un attachement avec leurs CPT. L&#8217;attachement des CPT aux humains n&#8217;affaiblit pas celui qu&#8217;ils ont pour le troupeau et donc pas non plus leur comportement de d\u00e9fense, mais il les rend plus faciles \u00e0 conduire. Pendant toute la dur\u00e9e de leur \u00e9ducation, les CPT doivent \u00eatre stimul\u00e9s et non souffrir de privations \u00e9motionnelles ou sensorielles. Par ailleurs, les diff\u00e9rentes phases de d\u00e9veloppement des CPT doivent \u00eatre sp\u00e9cifiquement prises en compte.<\/p>\n","protected":false},"excerpt":{"rendered":"<p>Pendant l&#8217;\u00e9ducation des chiens de protection des troupeaux (CPT), les \u00e9leveurs cr\u00e9ent des conditions optimales pour que les traits h\u00e9r\u00e9ditaires des chiens qui leur sont confi\u00e9s puissent se d\u00e9ployer au maximum. Ceci ne concerne pas seulement l&#8217;efficacit\u00e9 des CPT \u00e0 prot\u00e9ger le troupeau, mais aussi de leur socialisation. Les CPT sont socialis\u00e9s \u00e0 trois niveaux\u00a0: [&hellip;]<\/p>\n","protected":false},"author":3,"featured_media":0,"parent":1482,"menu_order":1,"comment_status":"closed","ping_status":"closed","template":"","meta":{"_acf_changed":false,"footnotes":""},"class_list":["post-2045","page","type-page","status-publish","hentry"],"acf":[],"yoast_head":"<!-- This site is optimized with the Yoast SEO plugin v27.4 - https:\/\/yoast.com\/product\/yoast-seo-wordpress\/ -->\n<title>Principes - Chiens de protection des troupeaux Suisse<\/title>\n<meta name=\"robots\" content=\"index, follow, max-snippet:-1, max-image-preview:large, max-video-preview:-1\" \/>\n<link rel=\"canonical\" href=\"https:\/\/www.cpt-ch.ch\/fr\/education\/principes\/\" \/>\n<meta property=\"og:locale\" content=\"fr_FR\" \/>\n<meta property=\"og:type\" content=\"article\" \/>\n<meta property=\"og:title\" content=\"Principes - Chiens de protection des troupeaux Suisse\" \/>\n<meta property=\"og:description\" content=\"Pendant l&#8217;\u00e9ducation des chiens de protection des troupeaux (CPT), les \u00e9leveurs cr\u00e9ent des conditions optimales pour que les traits h\u00e9r\u00e9ditaires des chiens qui leur sont confi\u00e9s puissent se d\u00e9ployer au maximum. Ceci ne concerne pas seulement l&#8217;efficacit\u00e9 des CPT \u00e0 prot\u00e9ger le troupeau, mais aussi de leur socialisation. Les CPT sont socialis\u00e9s \u00e0 trois niveaux\u00a0: [&hellip;]\" \/>\n<meta property=\"og:url\" content=\"https:\/\/www.cpt-ch.ch\/fr\/education\/principes\/\" \/>\n<meta property=\"og:site_name\" content=\"Chiens de protection des troupeaux Suisse\" \/>\n<meta property=\"article:modified_time\" content=\"2020-05-21T09:59:26+00:00\" \/>\n<meta name=\"twitter:card\" content=\"summary_large_image\" \/>\n<meta name=\"twitter:label1\" content=\"Dur\u00e9e de lecture estim\u00e9e\" \/>\n\t<meta name=\"twitter:data1\" content=\"1 minute\" \/>\n<script type=\"application\/ld+json\" class=\"yoast-schema-graph\">{\"@context\":\"https:\\\/\\\/schema.org\",\"@graph\":[{\"@type\":\"WebPage\",\"@id\":\"https:\\\/\\\/www.cpt-ch.ch\\\/fr\\\/education\\\/principes\\\/\",\"url\":\"https:\\\/\\\/www.cpt-ch.ch\\\/fr\\\/education\\\/principes\\\/\",\"name\":\"Principes - Chiens de protection des troupeaux Suisse\",\"isPartOf\":{\"@id\":\"https:\\\/\\\/www.cpt-ch.ch\\\/fr\\\/#website\"},\"datePublished\":\"2020-05-20T17:52:08+00:00\",\"dateModified\":\"2020-05-21T09:59:26+00:00\",\"breadcrumb\":{\"@id\":\"https:\\\/\\\/www.cpt-ch.ch\\\/fr\\\/education\\\/principes\\\/#breadcrumb\"},\"inLanguage\":\"fr-FR\",\"potentialAction\":[{\"@type\":\"ReadAction\",\"target\":[\"https:\\\/\\\/www.cpt-ch.ch\\\/fr\\\/education\\\/principes\\\/\"]}]},{\"@type\":\"BreadcrumbList\",\"@id\":\"https:\\\/\\\/www.cpt-ch.ch\\\/fr\\\/education\\\/principes\\\/#breadcrumb\",\"itemListElement\":[{\"@type\":\"ListItem\",\"position\":1,\"name\":\"Startseite\",\"item\":\"https:\\\/\\\/www.cpt-ch.ch\\\/fr\\\/\"},{\"@type\":\"ListItem\",\"position\":2,\"name\":\"\u00c9ducation\",\"item\":\"https:\\\/\\\/www.cpt-ch.ch\\\/fr\\\/education\\\/\"},{\"@type\":\"ListItem\",\"position\":3,\"name\":\"Principes\"}]},{\"@type\":\"WebSite\",\"@id\":\"https:\\\/\\\/www.cpt-ch.ch\\\/fr\\\/#website\",\"url\":\"https:\\\/\\\/www.cpt-ch.ch\\\/fr\\\/\",\"name\":\"Chiens de protection des troupeaux Suisse\",\"description\":\"\",\"potentialAction\":[{\"@type\":\"SearchAction\",\"target\":{\"@type\":\"EntryPoint\",\"urlTemplate\":\"https:\\\/\\\/www.cpt-ch.ch\\\/fr\\\/?s={search_term_string}\"},\"query-input\":{\"@type\":\"PropertyValueSpecification\",\"valueRequired\":true,\"valueName\":\"search_term_string\"}}],\"inLanguage\":\"fr-FR\"}]}<\/script>\n<!-- \/ Yoast SEO plugin. -->","yoast_head_json":{"title":"Principes - Chiens de protection des troupeaux Suisse","robots":{"index":"index","follow":"follow","max-snippet":"max-snippet:-1","max-image-preview":"max-image-preview:large","max-video-preview":"max-video-preview:-1"},"canonical":"https:\/\/www.cpt-ch.ch\/fr\/education\/principes\/","og_locale":"fr_FR","og_type":"article","og_title":"Principes - Chiens de protection des troupeaux Suisse","og_description":"Pendant l&#8217;\u00e9ducation des chiens de protection des troupeaux (CPT), les \u00e9leveurs cr\u00e9ent des conditions optimales pour que les traits h\u00e9r\u00e9ditaires des chiens qui leur sont confi\u00e9s puissent se d\u00e9ployer au maximum. Ceci ne concerne pas seulement l&#8217;efficacit\u00e9 des CPT \u00e0 prot\u00e9ger le troupeau, mais aussi de leur socialisation. Les CPT sont socialis\u00e9s \u00e0 trois niveaux\u00a0: [&hellip;]","og_url":"https:\/\/www.cpt-ch.ch\/fr\/education\/principes\/","og_site_name":"Chiens de protection des troupeaux Suisse","article_modified_time":"2020-05-21T09:59:26+00:00","twitter_card":"summary_large_image","twitter_misc":{"Dur\u00e9e de lecture estim\u00e9e":"1 minute"},"schema":{"@context":"https:\/\/schema.org","@graph":[{"@type":"WebPage","@id":"https:\/\/www.cpt-ch.ch\/fr\/education\/principes\/","url":"https:\/\/www.cpt-ch.ch\/fr\/education\/principes\/","name":"Principes - Chiens de protection des troupeaux Suisse","isPartOf":{"@id":"https:\/\/www.cpt-ch.ch\/fr\/#website"},"datePublished":"2020-05-20T17:52:08+00:00","dateModified":"2020-05-21T09:59:26+00:00","breadcrumb":{"@id":"https:\/\/www.cpt-ch.ch\/fr\/education\/principes\/#breadcrumb"},"inLanguage":"fr-FR","potentialAction":[{"@type":"ReadAction","target":["https:\/\/www.cpt-ch.ch\/fr\/education\/principes\/"]}]},{"@type":"BreadcrumbList","@id":"https:\/\/www.cpt-ch.ch\/fr\/education\/principes\/#breadcrumb","itemListElement":[{"@type":"ListItem","position":1,"name":"Startseite","item":"https:\/\/www.cpt-ch.ch\/fr\/"},{"@type":"ListItem","position":2,"name":"\u00c9ducation","item":"https:\/\/www.cpt-ch.ch\/fr\/education\/"},{"@type":"ListItem","position":3,"name":"Principes"}]},{"@type":"WebSite","@id":"https:\/\/www.cpt-ch.ch\/fr\/#website","url":"https:\/\/www.cpt-ch.ch\/fr\/","name":"Chiens de protection des troupeaux Suisse","description":"","potentialAction":[{"@type":"SearchAction","target":{"@type":"EntryPoint","urlTemplate":"https:\/\/www.cpt-ch.ch\/fr\/?s={search_term_string}"},"query-input":{"@type":"PropertyValueSpecification","valueRequired":true,"valueName":"search_term_string"}}],"inLanguage":"fr-FR"}]}},"_links":{"self":[{"href":"https:\/\/www.cpt-ch.ch\/fr\/wp-json\/wp\/v2\/pages\/2045","targetHints":{"allow":["GET"]}}],"collection":[{"href":"https:\/\/www.cpt-ch.ch\/fr\/wp-json\/wp\/v2\/pages"}],"about":[{"href":"https:\/\/www.cpt-ch.ch\/fr\/wp-json\/wp\/v2\/types\/page"}],"author":[{"embeddable":true,"href":"https:\/\/www.cpt-ch.ch\/fr\/wp-json\/wp\/v2\/users\/3"}],"replies":[{"embeddable":true,"href":"https:\/\/www.cpt-ch.ch\/fr\/wp-json\/wp\/v2\/comments?post=2045"}],"version-history":[{"count":3,"href":"https:\/\/www.cpt-ch.ch\/fr\/wp-json\/wp\/v2\/pages\/2045\/revisions"}],"predecessor-version":[{"id":2120,"href":"https:\/\/www.cpt-ch.ch\/fr\/wp-json\/wp\/v2\/pages\/2045\/revisions\/2120"}],"up":[{"embeddable":true,"href":"https:\/\/www.cpt-ch.ch\/fr\/wp-json\/wp\/v2\/pages\/1482"}],"wp:attachment":[{"href":"https:\/\/www.cpt-ch.ch\/fr\/wp-json\/wp\/v2\/media?parent=2045"}],"curies":[{"name":"wp","href":"https:\/\/api.w.org\/{rel}","templated":true}]}}