{"id":2036,"date":"2020-05-20T19:14:55","date_gmt":"2020-05-20T17:14:55","guid":{"rendered":"https:\/\/www.cpt-ch.ch\/?page_id=2036"},"modified":"2020-05-20T19:43:57","modified_gmt":"2020-05-20T17:43:57","slug":"objectif-delevage","status":"publish","type":"page","link":"https:\/\/www.cpt-ch.ch\/fr\/elevage\/objectif-delevage\/","title":{"rendered":"Objectif d&#8217;\u00e9levage"},"content":{"rendered":"<p>CPT-CH s\u00e9lectionne des chiens qui r\u00e9pondent \u00e0 certains crit\u00e8res de comportement. On exige des chiens de protection des troupeaux (CPT) qu&#8217;ils soient capables de d\u00e9velopper un attachement au troupeau qui leur est confi\u00e9. Une fois cet attachement \u00e9tabli, les CPT doivent d\u00e9fendre le troupeau contre des animaux intrus, car ils per\u00e7oivent le troupeau comme leurs propres ressources \u2013 en termes de comportement, on parle de \u00ab\u00a0protection des ressources\u00a0\u00bb. En outre, les CPT doivent pouvoir s&#8217;int\u00e9grer et agir dans la meute. Pour que les CPT puissent fournir les performances physiques requises sur le terrain, ils doivent \u00eatre \u00e9motionnellement stables et en bonne sant\u00e9, d&#8217;une part, et avoir une morphologie fonctionnelle ainsi qu&#8217;un pelage de bonne qualit\u00e9, d&#8217;autre part.<\/p>\n","protected":false},"excerpt":{"rendered":"<p>CPT-CH s\u00e9lectionne des chiens qui r\u00e9pondent \u00e0 certains crit\u00e8res de comportement. On exige des chiens de protection des troupeaux (CPT) qu&#8217;ils soient capables de d\u00e9velopper un attachement au troupeau qui leur est confi\u00e9. Une fois cet attachement \u00e9tabli, les CPT doivent d\u00e9fendre le troupeau contre des animaux intrus, car ils per\u00e7oivent le troupeau comme leurs [&hellip;]<\/p>\n","protected":false},"author":3,"featured_media":0,"parent":1492,"menu_order":2,"comment_status":"closed","ping_status":"closed","template":"","meta":{"_acf_changed":false,"footnotes":""},"class_list":["post-2036","page","type-page","status-publish","hentry"],"acf":[],"yoast_head":"<!-- This site is optimized with the Yoast SEO plugin v27.6 - https:\/\/yoast.com\/product\/yoast-seo-wordpress\/ -->\n<title>Objectif d&#039;\u00e9levage - Chiens de protection des troupeaux Suisse<\/title>\n<meta name=\"robots\" content=\"index, follow, max-snippet:-1, max-image-preview:large, max-video-preview:-1\" \/>\n<link rel=\"canonical\" href=\"https:\/\/www.cpt-ch.ch\/fr\/elevage\/objectif-delevage\/\" \/>\n<meta property=\"og:locale\" content=\"fr_FR\" \/>\n<meta property=\"og:type\" content=\"article\" \/>\n<meta property=\"og:title\" content=\"Objectif d&#039;\u00e9levage - Chiens de protection des troupeaux Suisse\" \/>\n<meta property=\"og:description\" content=\"CPT-CH s\u00e9lectionne des chiens qui r\u00e9pondent \u00e0 certains crit\u00e8res de comportement. On exige des chiens de protection des troupeaux (CPT) qu&#8217;ils soient capables de d\u00e9velopper un attachement au troupeau qui leur est confi\u00e9. Une fois cet attachement \u00e9tabli, les CPT doivent d\u00e9fendre le troupeau contre des animaux intrus, car ils per\u00e7oivent le troupeau comme leurs [&hellip;]\" \/>\n<meta property=\"og:url\" content=\"https:\/\/www.cpt-ch.ch\/fr\/elevage\/objectif-delevage\/\" \/>\n<meta property=\"og:site_name\" content=\"Chiens de protection des troupeaux Suisse\" \/>\n<meta property=\"article:modified_time\" content=\"2020-05-20T17:43:57+00:00\" \/>\n<meta name=\"twitter:card\" content=\"summary_large_image\" \/>\n<meta name=\"twitter:label1\" content=\"Dur\u00e9e de lecture estim\u00e9e\" \/>\n\t<meta name=\"twitter:data1\" content=\"1 minute\" \/>\n<script type=\"application\/ld+json\" class=\"yoast-schema-graph\">{\"@context\":\"https:\\\/\\\/schema.org\",\"@graph\":[{\"@type\":\"WebPage\",\"@id\":\"https:\\\/\\\/www.cpt-ch.ch\\\/fr\\\/elevage\\\/objectif-delevage\\\/\",\"url\":\"https:\\\/\\\/www.cpt-ch.ch\\\/fr\\\/elevage\\\/objectif-delevage\\\/\",\"name\":\"Objectif d'\u00e9levage - Chiens de protection des troupeaux Suisse\",\"isPartOf\":{\"@id\":\"https:\\\/\\\/www.cpt-ch.ch\\\/fr\\\/#website\"},\"datePublished\":\"2020-05-20T17:14:55+00:00\",\"dateModified\":\"2020-05-20T17:43:57+00:00\",\"breadcrumb\":{\"@id\":\"https:\\\/\\\/www.cpt-ch.ch\\\/fr\\\/elevage\\\/objectif-delevage\\\/#breadcrumb\"},\"inLanguage\":\"fr-FR\",\"potentialAction\":[{\"@type\":\"ReadAction\",\"target\":[\"https:\\\/\\\/www.cpt-ch.ch\\\/fr\\\/elevage\\\/objectif-delevage\\\/\"]}]},{\"@type\":\"BreadcrumbList\",\"@id\":\"https:\\\/\\\/www.cpt-ch.ch\\\/fr\\\/elevage\\\/objectif-delevage\\\/#breadcrumb\",\"itemListElement\":[{\"@type\":\"ListItem\",\"position\":1,\"name\":\"Startseite\",\"item\":\"https:\\\/\\\/www.cpt-ch.ch\\\/fr\\\/\"},{\"@type\":\"ListItem\",\"position\":2,\"name\":\"\u00c9levage\",\"item\":\"https:\\\/\\\/www.cpt-ch.ch\\\/fr\\\/elevage\\\/\"},{\"@type\":\"ListItem\",\"position\":3,\"name\":\"Objectif d&#8217;\u00e9levage\"}]},{\"@type\":\"WebSite\",\"@id\":\"https:\\\/\\\/www.cpt-ch.ch\\\/fr\\\/#website\",\"url\":\"https:\\\/\\\/www.cpt-ch.ch\\\/fr\\\/\",\"name\":\"Chiens de protection des troupeaux Suisse\",\"description\":\"\",\"potentialAction\":[{\"@type\":\"SearchAction\",\"target\":{\"@type\":\"EntryPoint\",\"urlTemplate\":\"https:\\\/\\\/www.cpt-ch.ch\\\/fr\\\/?s={search_term_string}\"},\"query-input\":{\"@type\":\"PropertyValueSpecification\",\"valueRequired\":true,\"valueName\":\"search_term_string\"}}],\"inLanguage\":\"fr-FR\"}]}<\/script>\n<!-- \/ Yoast SEO plugin. -->","yoast_head_json":{"title":"Objectif d'\u00e9levage - Chiens de protection des troupeaux Suisse","robots":{"index":"index","follow":"follow","max-snippet":"max-snippet:-1","max-image-preview":"max-image-preview:large","max-video-preview":"max-video-preview:-1"},"canonical":"https:\/\/www.cpt-ch.ch\/fr\/elevage\/objectif-delevage\/","og_locale":"fr_FR","og_type":"article","og_title":"Objectif d'\u00e9levage - Chiens de protection des troupeaux Suisse","og_description":"CPT-CH s\u00e9lectionne des chiens qui r\u00e9pondent \u00e0 certains crit\u00e8res de comportement. On exige des chiens de protection des troupeaux (CPT) qu&#8217;ils soient capables de d\u00e9velopper un attachement au troupeau qui leur est confi\u00e9. Une fois cet attachement \u00e9tabli, les CPT doivent d\u00e9fendre le troupeau contre des animaux intrus, car ils per\u00e7oivent le troupeau comme leurs [&hellip;]","og_url":"https:\/\/www.cpt-ch.ch\/fr\/elevage\/objectif-delevage\/","og_site_name":"Chiens de protection des troupeaux Suisse","article_modified_time":"2020-05-20T17:43:57+00:00","twitter_card":"summary_large_image","twitter_misc":{"Dur\u00e9e de lecture estim\u00e9e":"1 minute"},"schema":{"@context":"https:\/\/schema.org","@graph":[{"@type":"WebPage","@id":"https:\/\/www.cpt-ch.ch\/fr\/elevage\/objectif-delevage\/","url":"https:\/\/www.cpt-ch.ch\/fr\/elevage\/objectif-delevage\/","name":"Objectif d'\u00e9levage - Chiens de protection des troupeaux Suisse","isPartOf":{"@id":"https:\/\/www.cpt-ch.ch\/fr\/#website"},"datePublished":"2020-05-20T17:14:55+00:00","dateModified":"2020-05-20T17:43:57+00:00","breadcrumb":{"@id":"https:\/\/www.cpt-ch.ch\/fr\/elevage\/objectif-delevage\/#breadcrumb"},"inLanguage":"fr-FR","potentialAction":[{"@type":"ReadAction","target":["https:\/\/www.cpt-ch.ch\/fr\/elevage\/objectif-delevage\/"]}]},{"@type":"BreadcrumbList","@id":"https:\/\/www.cpt-ch.ch\/fr\/elevage\/objectif-delevage\/#breadcrumb","itemListElement":[{"@type":"ListItem","position":1,"name":"Startseite","item":"https:\/\/www.cpt-ch.ch\/fr\/"},{"@type":"ListItem","position":2,"name":"\u00c9levage","item":"https:\/\/www.cpt-ch.ch\/fr\/elevage\/"},{"@type":"ListItem","position":3,"name":"Objectif d&#8217;\u00e9levage"}]},{"@type":"WebSite","@id":"https:\/\/www.cpt-ch.ch\/fr\/#website","url":"https:\/\/www.cpt-ch.ch\/fr\/","name":"Chiens de protection des troupeaux Suisse","description":"","potentialAction":[{"@type":"SearchAction","target":{"@type":"EntryPoint","urlTemplate":"https:\/\/www.cpt-ch.ch\/fr\/?s={search_term_string}"},"query-input":{"@type":"PropertyValueSpecification","valueRequired":true,"valueName":"search_term_string"}}],"inLanguage":"fr-FR"}]}},"_links":{"self":[{"href":"https:\/\/www.cpt-ch.ch\/fr\/wp-json\/wp\/v2\/pages\/2036","targetHints":{"allow":["GET"]}}],"collection":[{"href":"https:\/\/www.cpt-ch.ch\/fr\/wp-json\/wp\/v2\/pages"}],"about":[{"href":"https:\/\/www.cpt-ch.ch\/fr\/wp-json\/wp\/v2\/types\/page"}],"author":[{"embeddable":true,"href":"https:\/\/www.cpt-ch.ch\/fr\/wp-json\/wp\/v2\/users\/3"}],"replies":[{"embeddable":true,"href":"https:\/\/www.cpt-ch.ch\/fr\/wp-json\/wp\/v2\/comments?post=2036"}],"version-history":[{"count":2,"href":"https:\/\/www.cpt-ch.ch\/fr\/wp-json\/wp\/v2\/pages\/2036\/revisions"}],"predecessor-version":[{"id":2038,"href":"https:\/\/www.cpt-ch.ch\/fr\/wp-json\/wp\/v2\/pages\/2036\/revisions\/2038"}],"up":[{"embeddable":true,"href":"https:\/\/www.cpt-ch.ch\/fr\/wp-json\/wp\/v2\/pages\/1492"}],"wp:attachment":[{"href":"https:\/\/www.cpt-ch.ch\/fr\/wp-json\/wp\/v2\/media?parent=2036"}],"curies":[{"name":"wp","href":"https:\/\/api.w.org\/{rel}","templated":true}]}}