{"id":2030,"date":"2020-05-20T19:07:08","date_gmt":"2020-05-20T17:07:08","guid":{"rendered":"https:\/\/www.cpt-ch.ch\/?page_id=2030"},"modified":"2023-08-14T19:39:28","modified_gmt":"2023-08-14T17:39:28","slug":"assurance","status":"publish","type":"page","link":"https:\/\/www.cpt-ch.ch\/fr\/cpt-ch\/assurance\/","title":{"rendered":"Assurance"},"content":{"rendered":"<p>En cas d&#8217;incidents entre des chiens de protection des troupeaux (CPT) et des tiers, l&#8217;assurance responsabilit\u00e9 civile d&#8217;entreprise du d\u00e9tenteur du CPT couvre normalement tous les frais m\u00e9dicaux, v\u00e9t\u00e9rinaires ou autres. Dans certains cas, cependant, les personnes l\u00e9s\u00e9es n\u2019ont pas seulement des pr\u00e9tentions en responsabilit\u00e9 civile, mais d\u00e9posent aussi des plaintes p\u00e9nales. L&#8217;exp\u00e9rience de ces derni\u00e8res ann\u00e9es a montr\u00e9 que ces plaintes sont souvent irrecevables. Il appartient n\u00e9anmoins au d\u00e9tenteur de CPT de prouver qu&#8217;il n&#8217;a pas viol\u00e9 l&#8217;obligation de diligence.<\/p>\n<p>&nbsp;<\/p>\n<p>En cas de d\u00e9position \u00e9crite ou d&#8217;interrogatoire, les membres doivent imm\u00e9diatement contacter le secr\u00e9tariat (<a href=\"javascript:secureDecryptAndNavigate('j\/udtu6rSDn3UWbIR71W8iwgRikfU+F5LrYJ5arEfhdPMA8aGxwRqoiQk8e9WjlmnAawBgAaecjD5tMyYBcSz8TdizEnvUw=', '73f1b517aecdb0f4e83a8839e15b6b0b17d632bd4717451b9cf4563a6502d422')\">martin[at]hsh-ch[dot]ch<\/a>, 081 257 87 21).<\/p>\n","protected":false},"excerpt":{"rendered":"<p>En cas d&#8217;incidents entre des chiens de protection des troupeaux (CPT) et des tiers, l&#8217;assurance responsabilit\u00e9 civile d&#8217;entreprise du d\u00e9tenteur du CPT couvre normalement tous les frais m\u00e9dicaux, v\u00e9t\u00e9rinaires ou autres. Dans certains cas, cependant, les personnes l\u00e9s\u00e9es n\u2019ont pas seulement des pr\u00e9tentions en responsabilit\u00e9 civile, mais d\u00e9posent aussi des plaintes p\u00e9nales. L&#8217;exp\u00e9rience de ces [&hellip;]<\/p>\n","protected":false},"author":3,"featured_media":0,"parent":200,"menu_order":6,"comment_status":"closed","ping_status":"closed","template":"","meta":{"_acf_changed":false,"footnotes":""},"class_list":["post-2030","page","type-page","status-publish","hentry"],"acf":[],"yoast_head":"<!-- This site is optimized with the Yoast SEO plugin v27.5 - https:\/\/yoast.com\/product\/yoast-seo-wordpress\/ -->\n<title>Assurance - Chiens de protection des troupeaux Suisse<\/title>\n<meta name=\"robots\" content=\"index, follow, max-snippet:-1, max-image-preview:large, max-video-preview:-1\" \/>\n<link rel=\"canonical\" href=\"https:\/\/www.cpt-ch.ch\/fr\/cpt-ch\/assurance\/\" \/>\n<meta property=\"og:locale\" content=\"fr_FR\" \/>\n<meta property=\"og:type\" content=\"article\" \/>\n<meta property=\"og:title\" content=\"Assurance - Chiens de protection des troupeaux Suisse\" \/>\n<meta property=\"og:description\" content=\"En cas d&#8217;incidents entre des chiens de protection des troupeaux (CPT) et des tiers, l&#8217;assurance responsabilit\u00e9 civile d&#8217;entreprise du d\u00e9tenteur du CPT couvre normalement tous les frais m\u00e9dicaux, v\u00e9t\u00e9rinaires ou autres. Dans certains cas, cependant, les personnes l\u00e9s\u00e9es n\u2019ont pas seulement des pr\u00e9tentions en responsabilit\u00e9 civile, mais d\u00e9posent aussi des plaintes p\u00e9nales. L&#8217;exp\u00e9rience de ces [&hellip;]\" \/>\n<meta property=\"og:url\" content=\"https:\/\/www.cpt-ch.ch\/fr\/cpt-ch\/assurance\/\" \/>\n<meta property=\"og:site_name\" content=\"Chiens de protection des troupeaux Suisse\" \/>\n<meta property=\"article:modified_time\" content=\"2023-08-14T17:39:28+00:00\" \/>\n<meta name=\"twitter:card\" content=\"summary_large_image\" \/>\n<meta name=\"twitter:label1\" content=\"Dur\u00e9e de lecture estim\u00e9e\" \/>\n\t<meta name=\"twitter:data1\" content=\"1 minute\" \/>\n<script type=\"application\/ld+json\" class=\"yoast-schema-graph\">{\"@context\":\"https:\\\/\\\/schema.org\",\"@graph\":[{\"@type\":\"WebPage\",\"@id\":\"https:\\\/\\\/www.cpt-ch.ch\\\/fr\\\/cpt-ch\\\/assurance\\\/\",\"url\":\"https:\\\/\\\/www.cpt-ch.ch\\\/fr\\\/cpt-ch\\\/assurance\\\/\",\"name\":\"Assurance - Chiens de protection des troupeaux Suisse\",\"isPartOf\":{\"@id\":\"https:\\\/\\\/www.cpt-ch.ch\\\/fr\\\/#website\"},\"datePublished\":\"2020-05-20T17:07:08+00:00\",\"dateModified\":\"2023-08-14T17:39:28+00:00\",\"breadcrumb\":{\"@id\":\"https:\\\/\\\/www.cpt-ch.ch\\\/fr\\\/cpt-ch\\\/assurance\\\/#breadcrumb\"},\"inLanguage\":\"fr-FR\",\"potentialAction\":[{\"@type\":\"ReadAction\",\"target\":[\"https:\\\/\\\/www.cpt-ch.ch\\\/fr\\\/cpt-ch\\\/assurance\\\/\"]}]},{\"@type\":\"BreadcrumbList\",\"@id\":\"https:\\\/\\\/www.cpt-ch.ch\\\/fr\\\/cpt-ch\\\/assurance\\\/#breadcrumb\",\"itemListElement\":[{\"@type\":\"ListItem\",\"position\":1,\"name\":\"Startseite\",\"item\":\"https:\\\/\\\/www.cpt-ch.ch\\\/fr\\\/\"},{\"@type\":\"ListItem\",\"position\":2,\"name\":\"CPT-CH\",\"item\":\"https:\\\/\\\/www.cpt-ch.ch\\\/fr\\\/cpt-ch\\\/\"},{\"@type\":\"ListItem\",\"position\":3,\"name\":\"Assurance\"}]},{\"@type\":\"WebSite\",\"@id\":\"https:\\\/\\\/www.cpt-ch.ch\\\/fr\\\/#website\",\"url\":\"https:\\\/\\\/www.cpt-ch.ch\\\/fr\\\/\",\"name\":\"Chiens de protection des troupeaux Suisse\",\"description\":\"\",\"potentialAction\":[{\"@type\":\"SearchAction\",\"target\":{\"@type\":\"EntryPoint\",\"urlTemplate\":\"https:\\\/\\\/www.cpt-ch.ch\\\/fr\\\/?s={search_term_string}\"},\"query-input\":{\"@type\":\"PropertyValueSpecification\",\"valueRequired\":true,\"valueName\":\"search_term_string\"}}],\"inLanguage\":\"fr-FR\"}]}<\/script>\n<!-- \/ Yoast SEO plugin. -->","yoast_head_json":{"title":"Assurance - Chiens de protection des troupeaux Suisse","robots":{"index":"index","follow":"follow","max-snippet":"max-snippet:-1","max-image-preview":"max-image-preview:large","max-video-preview":"max-video-preview:-1"},"canonical":"https:\/\/www.cpt-ch.ch\/fr\/cpt-ch\/assurance\/","og_locale":"fr_FR","og_type":"article","og_title":"Assurance - Chiens de protection des troupeaux Suisse","og_description":"En cas d&#8217;incidents entre des chiens de protection des troupeaux (CPT) et des tiers, l&#8217;assurance responsabilit\u00e9 civile d&#8217;entreprise du d\u00e9tenteur du CPT couvre normalement tous les frais m\u00e9dicaux, v\u00e9t\u00e9rinaires ou autres. Dans certains cas, cependant, les personnes l\u00e9s\u00e9es n\u2019ont pas seulement des pr\u00e9tentions en responsabilit\u00e9 civile, mais d\u00e9posent aussi des plaintes p\u00e9nales. L&#8217;exp\u00e9rience de ces [&hellip;]","og_url":"https:\/\/www.cpt-ch.ch\/fr\/cpt-ch\/assurance\/","og_site_name":"Chiens de protection des troupeaux Suisse","article_modified_time":"2023-08-14T17:39:28+00:00","twitter_card":"summary_large_image","twitter_misc":{"Dur\u00e9e de lecture estim\u00e9e":"1 minute"},"schema":{"@context":"https:\/\/schema.org","@graph":[{"@type":"WebPage","@id":"https:\/\/www.cpt-ch.ch\/fr\/cpt-ch\/assurance\/","url":"https:\/\/www.cpt-ch.ch\/fr\/cpt-ch\/assurance\/","name":"Assurance - Chiens de protection des troupeaux Suisse","isPartOf":{"@id":"https:\/\/www.cpt-ch.ch\/fr\/#website"},"datePublished":"2020-05-20T17:07:08+00:00","dateModified":"2023-08-14T17:39:28+00:00","breadcrumb":{"@id":"https:\/\/www.cpt-ch.ch\/fr\/cpt-ch\/assurance\/#breadcrumb"},"inLanguage":"fr-FR","potentialAction":[{"@type":"ReadAction","target":["https:\/\/www.cpt-ch.ch\/fr\/cpt-ch\/assurance\/"]}]},{"@type":"BreadcrumbList","@id":"https:\/\/www.cpt-ch.ch\/fr\/cpt-ch\/assurance\/#breadcrumb","itemListElement":[{"@type":"ListItem","position":1,"name":"Startseite","item":"https:\/\/www.cpt-ch.ch\/fr\/"},{"@type":"ListItem","position":2,"name":"CPT-CH","item":"https:\/\/www.cpt-ch.ch\/fr\/cpt-ch\/"},{"@type":"ListItem","position":3,"name":"Assurance"}]},{"@type":"WebSite","@id":"https:\/\/www.cpt-ch.ch\/fr\/#website","url":"https:\/\/www.cpt-ch.ch\/fr\/","name":"Chiens de protection des troupeaux Suisse","description":"","potentialAction":[{"@type":"SearchAction","target":{"@type":"EntryPoint","urlTemplate":"https:\/\/www.cpt-ch.ch\/fr\/?s={search_term_string}"},"query-input":{"@type":"PropertyValueSpecification","valueRequired":true,"valueName":"search_term_string"}}],"inLanguage":"fr-FR"}]}},"_links":{"self":[{"href":"https:\/\/www.cpt-ch.ch\/fr\/wp-json\/wp\/v2\/pages\/2030","targetHints":{"allow":["GET"]}}],"collection":[{"href":"https:\/\/www.cpt-ch.ch\/fr\/wp-json\/wp\/v2\/pages"}],"about":[{"href":"https:\/\/www.cpt-ch.ch\/fr\/wp-json\/wp\/v2\/types\/page"}],"author":[{"embeddable":true,"href":"https:\/\/www.cpt-ch.ch\/fr\/wp-json\/wp\/v2\/users\/3"}],"replies":[{"embeddable":true,"href":"https:\/\/www.cpt-ch.ch\/fr\/wp-json\/wp\/v2\/comments?post=2030"}],"version-history":[{"count":5,"href":"https:\/\/www.cpt-ch.ch\/fr\/wp-json\/wp\/v2\/pages\/2030\/revisions"}],"predecessor-version":[{"id":2889,"href":"https:\/\/www.cpt-ch.ch\/fr\/wp-json\/wp\/v2\/pages\/2030\/revisions\/2889"}],"up":[{"embeddable":true,"href":"https:\/\/www.cpt-ch.ch\/fr\/wp-json\/wp\/v2\/pages\/200"}],"wp:attachment":[{"href":"https:\/\/www.cpt-ch.ch\/fr\/wp-json\/wp\/v2\/media?parent=2030"}],"curies":[{"name":"wp","href":"https:\/\/api.w.org\/{rel}","templated":true}]}}