{"id":2023,"date":"2020-05-20T19:01:02","date_gmt":"2020-05-20T17:01:02","guid":{"rendered":"https:\/\/www.cpt-ch.ch\/?page_id=2023"},"modified":"2025-06-03T07:51:53","modified_gmt":"2025-06-03T05:51:53","slug":"conditions-dadhesion","status":"publish","type":"page","link":"https:\/\/www.cpt-ch.ch\/fr\/cpt-ch\/conditions-dadhesion\/","title":{"rendered":"Conditions d&#8217;adh\u00e9sion"},"content":{"rendered":"<p>Toute personne qui utilise des chiens de protection de troupeau (HSH), quelle que soit sa race, pour la protection des animaux de ferme, peut devenir membre. L\u2019adh\u00e9sion est \u00e9galement possible pour les personnes qui s\u2019occupent professionnellement de ces chiens. Les \u00e9leveurs qui souhaitent b\u00e9n\u00e9ficier des services de la commission technique doivent \u00eatre membres de l\u2019association. La cotisation annuelle est de CHF 300.- pour les membres individuels, CHF 500.- pour les membres en couple et CHF 200.- pour les membres passifs. L\u2019abonnement annuel au <a href=\"https:\/\/www.cpt-ch.ch\/fr\/cpt-ch\/organe-dassociation\/\">Forum Petits Ruminant<\/a> , dans lequel apparaissent r\u00e9guli\u00e8rement les nouvelles de notre association, est l\u2019organe officiel de l\u2019association et co\u00fbte CHF 32.- par an.<\/p>\n<p>&nbsp;<\/p>\n<p>Les avantages d&#8217;une adh\u00e9sion sont les suivants\u00a0:<\/p>\n<ul>\n<li>Plate-forme d&#8217;\u00e9change entre les praticiens des CPT<\/li>\n<li>Possibilit\u00e9s de formation professionnelle et continue sur le th\u00e8me des CPT<\/li>\n<li>Formation d&#8217;\u00e9leveurs de CPT<\/li>\n<li>R\u00e9ductions sur l&#8217;achat d&#8217;aliments pour chiens et de comprim\u00e9s vermifugesPour adh\u00e9rer \u00e0 l\u2019association CPT-CH, il suffit d&#8217;envoyer le <strong><a href=\"https:\/\/www.cpt-ch.ch\/wp-content\/uploads\/Verein_Anmeldeformular_neu_fr.pdf\" target=\"_blank\" rel=\"noopener noreferrer\">formulaire d&#8217;adh\u00e9sion<\/a><\/strong> d\u00fbment rempli \u00e0 martin[at]hsh-ch[dot]ch ou par courrier \u00e0 Association CPT-CH, Strad\u00f3n 2, 6562 Soazza.<\/li>\n<\/ul>\n<p>L&#8217;adh\u00e9sion est d\u00e9finitive apr\u00e8s confirmation par le comit\u00e9 lors de la s\u00e9ance de comit\u00e9 suivante.<\/p>\n<p>La d\u00e9mission de l&#8217;association s&#8217;effectue en fin d&#8217;ann\u00e9e civile par l&#8217;envoi d&#8217;une demande \u00e9crite au comit\u00e9.<\/p>\n<p>Pour de plus amples informations, veuillez contacter le secr\u00e9tariat (<a href=\"javascript:secureDecryptAndNavigate('gognTacUv1vZJkkeoKdwfH77SSfA3li1PywVmID\/nHbvfIbpVKHuyh2go3+UuMGg6mu08fnu9BRu4LI6vqeX3Iz0YHwTtcM=', '73f1b517aecdb0f4e83a8839e15b6b0b17d632bd4717451b9cf4563a6502d422')\">martin[at]hsh-ch[dot]ch<\/a>).<\/p>\n","protected":false},"excerpt":{"rendered":"<p>Toute personne qui utilise des chiens de protection de troupeau (HSH), quelle que soit sa race, pour la protection des animaux de ferme, peut devenir membre. L\u2019adh\u00e9sion est \u00e9galement possible pour les personnes qui s\u2019occupent professionnellement de ces chiens. Les \u00e9leveurs qui souhaitent b\u00e9n\u00e9ficier des services de la commission technique doivent \u00eatre membres de l\u2019association. [&hellip;]<\/p>\n","protected":false},"author":3,"featured_media":0,"parent":200,"menu_order":4,"comment_status":"closed","ping_status":"closed","template":"","meta":{"_acf_changed":false,"footnotes":""},"class_list":["post-2023","page","type-page","status-publish","hentry"],"acf":[],"yoast_head":"<!-- This site is optimized with the Yoast SEO plugin v27.5 - https:\/\/yoast.com\/product\/yoast-seo-wordpress\/ -->\n<title>Conditions d&#039;adh\u00e9sion - Chiens de protection des troupeaux Suisse<\/title>\n<meta name=\"robots\" content=\"index, follow, max-snippet:-1, max-image-preview:large, max-video-preview:-1\" \/>\n<link rel=\"canonical\" href=\"https:\/\/www.cpt-ch.ch\/fr\/cpt-ch\/conditions-dadhesion\/\" \/>\n<meta property=\"og:locale\" content=\"fr_FR\" \/>\n<meta property=\"og:type\" content=\"article\" \/>\n<meta property=\"og:title\" content=\"Conditions d&#039;adh\u00e9sion - Chiens de protection des troupeaux Suisse\" \/>\n<meta property=\"og:description\" content=\"Toute personne qui utilise des chiens de protection de troupeau (HSH), quelle que soit sa race, pour la protection des animaux de ferme, peut devenir membre. L\u2019adh\u00e9sion est \u00e9galement possible pour les personnes qui s\u2019occupent professionnellement de ces chiens. Les \u00e9leveurs qui souhaitent b\u00e9n\u00e9ficier des services de la commission technique doivent \u00eatre membres de l\u2019association. [&hellip;]\" \/>\n<meta property=\"og:url\" content=\"https:\/\/www.cpt-ch.ch\/fr\/cpt-ch\/conditions-dadhesion\/\" \/>\n<meta property=\"og:site_name\" content=\"Chiens de protection des troupeaux Suisse\" \/>\n<meta property=\"article:modified_time\" content=\"2025-06-03T05:51:53+00:00\" \/>\n<meta name=\"twitter:card\" content=\"summary_large_image\" \/>\n<meta name=\"twitter:label1\" content=\"Dur\u00e9e de lecture estim\u00e9e\" \/>\n\t<meta name=\"twitter:data1\" content=\"2 minutes\" \/>\n<script type=\"application\/ld+json\" class=\"yoast-schema-graph\">{\"@context\":\"https:\\\/\\\/schema.org\",\"@graph\":[{\"@type\":\"WebPage\",\"@id\":\"https:\\\/\\\/www.cpt-ch.ch\\\/fr\\\/cpt-ch\\\/conditions-dadhesion\\\/\",\"url\":\"https:\\\/\\\/www.cpt-ch.ch\\\/fr\\\/cpt-ch\\\/conditions-dadhesion\\\/\",\"name\":\"Conditions d'adh\u00e9sion - Chiens de protection des troupeaux Suisse\",\"isPartOf\":{\"@id\":\"https:\\\/\\\/www.cpt-ch.ch\\\/fr\\\/#website\"},\"datePublished\":\"2020-05-20T17:01:02+00:00\",\"dateModified\":\"2025-06-03T05:51:53+00:00\",\"breadcrumb\":{\"@id\":\"https:\\\/\\\/www.cpt-ch.ch\\\/fr\\\/cpt-ch\\\/conditions-dadhesion\\\/#breadcrumb\"},\"inLanguage\":\"fr-FR\",\"potentialAction\":[{\"@type\":\"ReadAction\",\"target\":[\"https:\\\/\\\/www.cpt-ch.ch\\\/fr\\\/cpt-ch\\\/conditions-dadhesion\\\/\"]}]},{\"@type\":\"BreadcrumbList\",\"@id\":\"https:\\\/\\\/www.cpt-ch.ch\\\/fr\\\/cpt-ch\\\/conditions-dadhesion\\\/#breadcrumb\",\"itemListElement\":[{\"@type\":\"ListItem\",\"position\":1,\"name\":\"Startseite\",\"item\":\"https:\\\/\\\/www.cpt-ch.ch\\\/fr\\\/\"},{\"@type\":\"ListItem\",\"position\":2,\"name\":\"CPT-CH\",\"item\":\"https:\\\/\\\/www.cpt-ch.ch\\\/fr\\\/cpt-ch\\\/\"},{\"@type\":\"ListItem\",\"position\":3,\"name\":\"Conditions d&#8217;adh\u00e9sion\"}]},{\"@type\":\"WebSite\",\"@id\":\"https:\\\/\\\/www.cpt-ch.ch\\\/fr\\\/#website\",\"url\":\"https:\\\/\\\/www.cpt-ch.ch\\\/fr\\\/\",\"name\":\"Chiens de protection des troupeaux Suisse\",\"description\":\"\",\"potentialAction\":[{\"@type\":\"SearchAction\",\"target\":{\"@type\":\"EntryPoint\",\"urlTemplate\":\"https:\\\/\\\/www.cpt-ch.ch\\\/fr\\\/?s={search_term_string}\"},\"query-input\":{\"@type\":\"PropertyValueSpecification\",\"valueRequired\":true,\"valueName\":\"search_term_string\"}}],\"inLanguage\":\"fr-FR\"}]}<\/script>\n<!-- \/ Yoast SEO plugin. -->","yoast_head_json":{"title":"Conditions d'adh\u00e9sion - Chiens de protection des troupeaux Suisse","robots":{"index":"index","follow":"follow","max-snippet":"max-snippet:-1","max-image-preview":"max-image-preview:large","max-video-preview":"max-video-preview:-1"},"canonical":"https:\/\/www.cpt-ch.ch\/fr\/cpt-ch\/conditions-dadhesion\/","og_locale":"fr_FR","og_type":"article","og_title":"Conditions d'adh\u00e9sion - Chiens de protection des troupeaux Suisse","og_description":"Toute personne qui utilise des chiens de protection de troupeau (HSH), quelle que soit sa race, pour la protection des animaux de ferme, peut devenir membre. L\u2019adh\u00e9sion est \u00e9galement possible pour les personnes qui s\u2019occupent professionnellement de ces chiens. Les \u00e9leveurs qui souhaitent b\u00e9n\u00e9ficier des services de la commission technique doivent \u00eatre membres de l\u2019association. [&hellip;]","og_url":"https:\/\/www.cpt-ch.ch\/fr\/cpt-ch\/conditions-dadhesion\/","og_site_name":"Chiens de protection des troupeaux Suisse","article_modified_time":"2025-06-03T05:51:53+00:00","twitter_card":"summary_large_image","twitter_misc":{"Dur\u00e9e de lecture estim\u00e9e":"2 minutes"},"schema":{"@context":"https:\/\/schema.org","@graph":[{"@type":"WebPage","@id":"https:\/\/www.cpt-ch.ch\/fr\/cpt-ch\/conditions-dadhesion\/","url":"https:\/\/www.cpt-ch.ch\/fr\/cpt-ch\/conditions-dadhesion\/","name":"Conditions d'adh\u00e9sion - Chiens de protection des troupeaux Suisse","isPartOf":{"@id":"https:\/\/www.cpt-ch.ch\/fr\/#website"},"datePublished":"2020-05-20T17:01:02+00:00","dateModified":"2025-06-03T05:51:53+00:00","breadcrumb":{"@id":"https:\/\/www.cpt-ch.ch\/fr\/cpt-ch\/conditions-dadhesion\/#breadcrumb"},"inLanguage":"fr-FR","potentialAction":[{"@type":"ReadAction","target":["https:\/\/www.cpt-ch.ch\/fr\/cpt-ch\/conditions-dadhesion\/"]}]},{"@type":"BreadcrumbList","@id":"https:\/\/www.cpt-ch.ch\/fr\/cpt-ch\/conditions-dadhesion\/#breadcrumb","itemListElement":[{"@type":"ListItem","position":1,"name":"Startseite","item":"https:\/\/www.cpt-ch.ch\/fr\/"},{"@type":"ListItem","position":2,"name":"CPT-CH","item":"https:\/\/www.cpt-ch.ch\/fr\/cpt-ch\/"},{"@type":"ListItem","position":3,"name":"Conditions d&#8217;adh\u00e9sion"}]},{"@type":"WebSite","@id":"https:\/\/www.cpt-ch.ch\/fr\/#website","url":"https:\/\/www.cpt-ch.ch\/fr\/","name":"Chiens de protection des troupeaux Suisse","description":"","potentialAction":[{"@type":"SearchAction","target":{"@type":"EntryPoint","urlTemplate":"https:\/\/www.cpt-ch.ch\/fr\/?s={search_term_string}"},"query-input":{"@type":"PropertyValueSpecification","valueRequired":true,"valueName":"search_term_string"}}],"inLanguage":"fr-FR"}]}},"_links":{"self":[{"href":"https:\/\/www.cpt-ch.ch\/fr\/wp-json\/wp\/v2\/pages\/2023","targetHints":{"allow":["GET"]}}],"collection":[{"href":"https:\/\/www.cpt-ch.ch\/fr\/wp-json\/wp\/v2\/pages"}],"about":[{"href":"https:\/\/www.cpt-ch.ch\/fr\/wp-json\/wp\/v2\/types\/page"}],"author":[{"embeddable":true,"href":"https:\/\/www.cpt-ch.ch\/fr\/wp-json\/wp\/v2\/users\/3"}],"replies":[{"embeddable":true,"href":"https:\/\/www.cpt-ch.ch\/fr\/wp-json\/wp\/v2\/comments?post=2023"}],"version-history":[{"count":10,"href":"https:\/\/www.cpt-ch.ch\/fr\/wp-json\/wp\/v2\/pages\/2023\/revisions"}],"predecessor-version":[{"id":3058,"href":"https:\/\/www.cpt-ch.ch\/fr\/wp-json\/wp\/v2\/pages\/2023\/revisions\/3058"}],"up":[{"embeddable":true,"href":"https:\/\/www.cpt-ch.ch\/fr\/wp-json\/wp\/v2\/pages\/200"}],"wp:attachment":[{"href":"https:\/\/www.cpt-ch.ch\/fr\/wp-json\/wp\/v2\/media?parent=2023"}],"curies":[{"name":"wp","href":"https:\/\/api.w.org\/{rel}","templated":true}]}}