{"id":2019,"date":"2020-05-20T18:58:05","date_gmt":"2020-05-20T16:58:05","guid":{"rendered":"https:\/\/www.cpt-ch.ch\/?page_id=2019"},"modified":"2025-06-03T08:34:56","modified_gmt":"2025-06-03T06:34:56","slug":"qui-sommes-nous","status":"publish","type":"page","link":"https:\/\/www.cpt-ch.ch\/fr\/cpt-ch\/qui-sommes-nous\/","title":{"rendered":"Qui sommes nous?"},"content":{"rendered":"<p><strong>Membres<br \/>\n<\/strong>L\u2019association CPT-CH est compos\u00e9e d&#8217;environ 200 membres (\u00e9tat : novembre 2024), qui d\u00e9tiennent, \u00e9duquent et \u00e9l\u00e8vent des CPT dans les quatre r\u00e9gions linguistiques de la Suisse. Cinquante d&#8217;entre eux font de l&#8217;\u00e9levage.<\/p>\n<p><strong>Comit\u00e9<\/strong><br \/>\nLe comit\u00e9 se compose actuellement du pr\u00e9sident, Samuel Sprunger, et de cinq membres \u00a0: Michael Baggenstos, Urban Lanker et Andi Schiess. Le comit\u00e9 g\u00e8re l&#8217;association. Il est responsable de la mise en \u0153uvre et de l&#8217;ex\u00e9cution des d\u00e9cisions de l&#8217;assembl\u00e9e g\u00e9n\u00e9rale des membres.<\/p>\n<p>Les membres du comit\u00e9 ont les responsabilit\u00e9s suivantes\u00a0:<\/p>\n<p>Samuel Sprunger \u00a0\u00a0\u00a0\u00a0\u00a0\u00a0\u00a0 Pr\u00e9sident<br \/>\nUrban Lanker\u00a0\u00a0\u00a0\u00a0\u00a0\u00a0\u00a0\u00a0\u00a0\u00a0\u00a0\u00a0\u00a0\u00a0 Vice-pr\u00e9sident<br \/>\nMichael Baggenstos<br \/>\nAndi Schiess\u00a0 \u00a0 \u00a0 \u00a0 \u00a0 \u00a0 \u00a0 \u00a0 \u00a0responsable commission technique<\/p>\n<p><strong>commission technique<\/strong><br \/>\nAndi Schiess est responsable de la planification et du conseil de l\u2019\u00e9levage de toutes les HSH agr\u00e9\u00e9es.<\/p>\n<p><strong>Secr\u00e9tariat<\/strong><br \/>\nLe secr\u00e9tariat est assur\u00e9 par Martin von Wyl (<a href=\"javascript:secureDecryptAndNavigate('mjGGMj9HumFxQuqvxQ5kCa7f4UhlDKjnQr93TGlVk+GiAT443dNlC5moEGbkRhYyHdlnv3WsQVYqM53DyJ8xH1vaP01HTyw=', '73f1b517aecdb0f4e83a8839e15b6b0b17d632bd4717451b9cf4563a6502d422')\">martin[at]hsh-ch[dot]ch<\/a>).<\/p>\n<p><strong>Rapport annuel<\/strong><br \/>\nLe rapport annuel de l&#8217;ann\u00e9e pr\u00e9c\u00e9dente peut \u00eatre consult\u00e9 ici : <a href=\"https:\/\/www.cpt-ch.ch\/wp-content\/uploads\/Rapport-annuel-CPT-CH_2022.pdf\">Rapport annuel CPT-CH_2022<\/a><\/p>\n","protected":false},"excerpt":{"rendered":"<p>Membres L\u2019association CPT-CH est compos\u00e9e d&#8217;environ 200 membres (\u00e9tat : novembre 2024), qui d\u00e9tiennent, \u00e9duquent et \u00e9l\u00e8vent des CPT dans les quatre r\u00e9gions linguistiques de la Suisse. Cinquante d&#8217;entre eux font de l&#8217;\u00e9levage. Comit\u00e9 Le comit\u00e9 se compose actuellement du pr\u00e9sident, Samuel Sprunger, et de cinq membres \u00a0: Michael Baggenstos, Urban Lanker et Andi Schiess. [&hellip;]<\/p>\n","protected":false},"author":3,"featured_media":0,"parent":200,"menu_order":3,"comment_status":"closed","ping_status":"closed","template":"","meta":{"_acf_changed":false,"footnotes":""},"class_list":["post-2019","page","type-page","status-publish","hentry"],"acf":[],"yoast_head":"<!-- This site is optimized with the Yoast SEO plugin v27.5 - https:\/\/yoast.com\/product\/yoast-seo-wordpress\/ -->\n<title>Qui sommes nous? - Chiens de protection des troupeaux Suisse<\/title>\n<meta name=\"robots\" content=\"index, follow, max-snippet:-1, max-image-preview:large, max-video-preview:-1\" \/>\n<link rel=\"canonical\" href=\"https:\/\/www.cpt-ch.ch\/fr\/cpt-ch\/qui-sommes-nous\/\" \/>\n<meta property=\"og:locale\" content=\"fr_FR\" \/>\n<meta property=\"og:type\" content=\"article\" \/>\n<meta property=\"og:title\" content=\"Qui sommes nous? - Chiens de protection des troupeaux Suisse\" \/>\n<meta property=\"og:description\" content=\"Membres L\u2019association CPT-CH est compos\u00e9e d&#8217;environ 200 membres (\u00e9tat : novembre 2024), qui d\u00e9tiennent, \u00e9duquent et \u00e9l\u00e8vent des CPT dans les quatre r\u00e9gions linguistiques de la Suisse. Cinquante d&#8217;entre eux font de l&#8217;\u00e9levage. Comit\u00e9 Le comit\u00e9 se compose actuellement du pr\u00e9sident, Samuel Sprunger, et de cinq membres \u00a0: Michael Baggenstos, Urban Lanker et Andi Schiess. [&hellip;]\" \/>\n<meta property=\"og:url\" content=\"https:\/\/www.cpt-ch.ch\/fr\/cpt-ch\/qui-sommes-nous\/\" \/>\n<meta property=\"og:site_name\" content=\"Chiens de protection des troupeaux Suisse\" \/>\n<meta property=\"article:modified_time\" content=\"2025-06-03T06:34:56+00:00\" \/>\n<meta name=\"twitter:card\" content=\"summary_large_image\" \/>\n<meta name=\"twitter:label1\" content=\"Dur\u00e9e de lecture estim\u00e9e\" \/>\n\t<meta name=\"twitter:data1\" content=\"2 minutes\" \/>\n<script type=\"application\/ld+json\" class=\"yoast-schema-graph\">{\"@context\":\"https:\\\/\\\/schema.org\",\"@graph\":[{\"@type\":\"WebPage\",\"@id\":\"https:\\\/\\\/www.cpt-ch.ch\\\/fr\\\/cpt-ch\\\/qui-sommes-nous\\\/\",\"url\":\"https:\\\/\\\/www.cpt-ch.ch\\\/fr\\\/cpt-ch\\\/qui-sommes-nous\\\/\",\"name\":\"Qui sommes nous? - Chiens de protection des troupeaux Suisse\",\"isPartOf\":{\"@id\":\"https:\\\/\\\/www.cpt-ch.ch\\\/fr\\\/#website\"},\"datePublished\":\"2020-05-20T16:58:05+00:00\",\"dateModified\":\"2025-06-03T06:34:56+00:00\",\"breadcrumb\":{\"@id\":\"https:\\\/\\\/www.cpt-ch.ch\\\/fr\\\/cpt-ch\\\/qui-sommes-nous\\\/#breadcrumb\"},\"inLanguage\":\"fr-FR\",\"potentialAction\":[{\"@type\":\"ReadAction\",\"target\":[\"https:\\\/\\\/www.cpt-ch.ch\\\/fr\\\/cpt-ch\\\/qui-sommes-nous\\\/\"]}]},{\"@type\":\"BreadcrumbList\",\"@id\":\"https:\\\/\\\/www.cpt-ch.ch\\\/fr\\\/cpt-ch\\\/qui-sommes-nous\\\/#breadcrumb\",\"itemListElement\":[{\"@type\":\"ListItem\",\"position\":1,\"name\":\"Startseite\",\"item\":\"https:\\\/\\\/www.cpt-ch.ch\\\/fr\\\/\"},{\"@type\":\"ListItem\",\"position\":2,\"name\":\"CPT-CH\",\"item\":\"https:\\\/\\\/www.cpt-ch.ch\\\/fr\\\/cpt-ch\\\/\"},{\"@type\":\"ListItem\",\"position\":3,\"name\":\"Qui sommes nous?\"}]},{\"@type\":\"WebSite\",\"@id\":\"https:\\\/\\\/www.cpt-ch.ch\\\/fr\\\/#website\",\"url\":\"https:\\\/\\\/www.cpt-ch.ch\\\/fr\\\/\",\"name\":\"Chiens de protection des troupeaux Suisse\",\"description\":\"\",\"potentialAction\":[{\"@type\":\"SearchAction\",\"target\":{\"@type\":\"EntryPoint\",\"urlTemplate\":\"https:\\\/\\\/www.cpt-ch.ch\\\/fr\\\/?s={search_term_string}\"},\"query-input\":{\"@type\":\"PropertyValueSpecification\",\"valueRequired\":true,\"valueName\":\"search_term_string\"}}],\"inLanguage\":\"fr-FR\"}]}<\/script>\n<!-- \/ Yoast SEO plugin. -->","yoast_head_json":{"title":"Qui sommes nous? - Chiens de protection des troupeaux Suisse","robots":{"index":"index","follow":"follow","max-snippet":"max-snippet:-1","max-image-preview":"max-image-preview:large","max-video-preview":"max-video-preview:-1"},"canonical":"https:\/\/www.cpt-ch.ch\/fr\/cpt-ch\/qui-sommes-nous\/","og_locale":"fr_FR","og_type":"article","og_title":"Qui sommes nous? - Chiens de protection des troupeaux Suisse","og_description":"Membres L\u2019association CPT-CH est compos\u00e9e d&#8217;environ 200 membres (\u00e9tat : novembre 2024), qui d\u00e9tiennent, \u00e9duquent et \u00e9l\u00e8vent des CPT dans les quatre r\u00e9gions linguistiques de la Suisse. Cinquante d&#8217;entre eux font de l&#8217;\u00e9levage. Comit\u00e9 Le comit\u00e9 se compose actuellement du pr\u00e9sident, Samuel Sprunger, et de cinq membres \u00a0: Michael Baggenstos, Urban Lanker et Andi Schiess. [&hellip;]","og_url":"https:\/\/www.cpt-ch.ch\/fr\/cpt-ch\/qui-sommes-nous\/","og_site_name":"Chiens de protection des troupeaux Suisse","article_modified_time":"2025-06-03T06:34:56+00:00","twitter_card":"summary_large_image","twitter_misc":{"Dur\u00e9e de lecture estim\u00e9e":"2 minutes"},"schema":{"@context":"https:\/\/schema.org","@graph":[{"@type":"WebPage","@id":"https:\/\/www.cpt-ch.ch\/fr\/cpt-ch\/qui-sommes-nous\/","url":"https:\/\/www.cpt-ch.ch\/fr\/cpt-ch\/qui-sommes-nous\/","name":"Qui sommes nous? - Chiens de protection des troupeaux Suisse","isPartOf":{"@id":"https:\/\/www.cpt-ch.ch\/fr\/#website"},"datePublished":"2020-05-20T16:58:05+00:00","dateModified":"2025-06-03T06:34:56+00:00","breadcrumb":{"@id":"https:\/\/www.cpt-ch.ch\/fr\/cpt-ch\/qui-sommes-nous\/#breadcrumb"},"inLanguage":"fr-FR","potentialAction":[{"@type":"ReadAction","target":["https:\/\/www.cpt-ch.ch\/fr\/cpt-ch\/qui-sommes-nous\/"]}]},{"@type":"BreadcrumbList","@id":"https:\/\/www.cpt-ch.ch\/fr\/cpt-ch\/qui-sommes-nous\/#breadcrumb","itemListElement":[{"@type":"ListItem","position":1,"name":"Startseite","item":"https:\/\/www.cpt-ch.ch\/fr\/"},{"@type":"ListItem","position":2,"name":"CPT-CH","item":"https:\/\/www.cpt-ch.ch\/fr\/cpt-ch\/"},{"@type":"ListItem","position":3,"name":"Qui sommes nous?"}]},{"@type":"WebSite","@id":"https:\/\/www.cpt-ch.ch\/fr\/#website","url":"https:\/\/www.cpt-ch.ch\/fr\/","name":"Chiens de protection des troupeaux Suisse","description":"","potentialAction":[{"@type":"SearchAction","target":{"@type":"EntryPoint","urlTemplate":"https:\/\/www.cpt-ch.ch\/fr\/?s={search_term_string}"},"query-input":{"@type":"PropertyValueSpecification","valueRequired":true,"valueName":"search_term_string"}}],"inLanguage":"fr-FR"}]}},"_links":{"self":[{"href":"https:\/\/www.cpt-ch.ch\/fr\/wp-json\/wp\/v2\/pages\/2019","targetHints":{"allow":["GET"]}}],"collection":[{"href":"https:\/\/www.cpt-ch.ch\/fr\/wp-json\/wp\/v2\/pages"}],"about":[{"href":"https:\/\/www.cpt-ch.ch\/fr\/wp-json\/wp\/v2\/types\/page"}],"author":[{"embeddable":true,"href":"https:\/\/www.cpt-ch.ch\/fr\/wp-json\/wp\/v2\/users\/3"}],"replies":[{"embeddable":true,"href":"https:\/\/www.cpt-ch.ch\/fr\/wp-json\/wp\/v2\/comments?post=2019"}],"version-history":[{"count":12,"href":"https:\/\/www.cpt-ch.ch\/fr\/wp-json\/wp\/v2\/pages\/2019\/revisions"}],"predecessor-version":[{"id":3054,"href":"https:\/\/www.cpt-ch.ch\/fr\/wp-json\/wp\/v2\/pages\/2019\/revisions\/3054"}],"up":[{"embeddable":true,"href":"https:\/\/www.cpt-ch.ch\/fr\/wp-json\/wp\/v2\/pages\/200"}],"wp:attachment":[{"href":"https:\/\/www.cpt-ch.ch\/fr\/wp-json\/wp\/v2\/media?parent=2019"}],"curies":[{"name":"wp","href":"https:\/\/api.w.org\/{rel}","templated":true}]}}