{"id":2014,"date":"2020-05-20T18:47:33","date_gmt":"2020-05-20T16:47:33","guid":{"rendered":"https:\/\/www.cpt-ch.ch\/?page_id=2014"},"modified":"2025-06-03T08:33:18","modified_gmt":"2025-06-03T06:33:18","slug":"organisation","status":"publish","type":"page","link":"https:\/\/www.cpt-ch.ch\/fr\/cpt-ch\/organisation\/","title":{"rendered":"Organisation"},"content":{"rendered":"<p>L\u2019Association des chiens de protection des troupeaux de Suisse (CPT-CH) a \u00e9t\u00e9 accr\u00e9dit\u00e9e par la Conf\u00e9d\u00e9ration pour l\u2019\u00e9levage et la formation des deux races reconnues de chiens de protection des troupeaux (CPT) Pastore Abruzzese et Montagne des Pyr\u00e9n\u00e9es jusqu\u2019au 1er f\u00e9vrier 2025.<\/p>\n<p>Depuis l\u2019entr\u00e9e en vigueur de la <strong><a href=\"https:\/\/www.fedlex.admin.ch\/eli\/cc\/1988\/517_517_517\/fr\">nouvelle ordonnance sur la chasse<\/a><\/strong>, l\u2019association n\u2019est plus soutenue par l\u2019OFEV. Le comit\u00e9 s\u2019efforce de trouver d\u2019autres sources de financement pour que l\u2019\u00e9levage de haute performance puisse \u00eatre maintenu. Nous essayons de convaincre tous les cantons de l\u2019importance de cet \u00e9levage et de le financer. Lors de la r\u00e9union extraordinaire de novembre 2024, les membres ont d\u00e9cid\u00e9 d\u2019ouvrir l\u2019association \u00e0 toutes les races.<\/p>\n<p>D\u00e9sormais, nous voulons agir en tant qu\u2019organisation sectorielle et repr\u00e9senter les int\u00e9r\u00eats de tous les d\u00e9tenteurs de CPT.<\/p>\n<p>\u00c0 l\u2019\u00e2ge de 18 mois, CPT doit passer l\u2019EAT afin d\u2019obtenir la reconnaissance officielle, ce qui permet \u00e0 HSH d\u2019accomplir sa mission conform\u00e9ment \u00e0 la JSV, \u00e0 savoir la protection des animaux \u00e9trangers dans le troupeau. En cas d\u2019incident, cet objectif doit \u00eatre pris en compte lors de l\u2019\u00e9valuation de la responsabilit\u00e9 du d\u00e9tenteur de CPT (<strong><a href=\"https:\/\/fedlex.data.admin.ch\/filestore\/fedlex.data.admin.ch\/eli\/cc\/2008\/416\/20250201\/fr\/pdf-a\/fedlex-data-admin-ch-eli-cc-2008-416-20250201-fr-pdf-a-1.pdf\">Ordonnance f\u00e9d\u00e9rale sur la protection des animaux<\/a><\/strong>).<\/p>\n<p>La planification de l\u2019\u00e9levage de performance est effectu\u00e9e par la communaut\u00e9 des \u00e9leveurs des races reconnues lors des r\u00e9unions d\u2019\u00e9leveurs sous la direction d\u2019une commission technique.<\/p>\n<p>&nbsp;<\/p>\n","protected":false},"excerpt":{"rendered":"<p>L\u2019Association des chiens de protection des troupeaux de Suisse (CPT-CH) a \u00e9t\u00e9 accr\u00e9dit\u00e9e par la Conf\u00e9d\u00e9ration pour l\u2019\u00e9levage et la formation des deux races reconnues de chiens de protection des troupeaux (CPT) Pastore Abruzzese et Montagne des Pyr\u00e9n\u00e9es jusqu\u2019au 1er f\u00e9vrier 2025. Depuis l\u2019entr\u00e9e en vigueur de la nouvelle ordonnance sur la chasse, l\u2019association n\u2019est [&hellip;]<\/p>\n","protected":false},"author":3,"featured_media":0,"parent":200,"menu_order":2,"comment_status":"closed","ping_status":"closed","template":"","meta":{"_acf_changed":false,"footnotes":""},"class_list":["post-2014","page","type-page","status-publish","hentry"],"acf":[],"yoast_head":"<!-- This site is optimized with the Yoast SEO plugin v27.4 - https:\/\/yoast.com\/product\/yoast-seo-wordpress\/ -->\n<title>Organisation - Chiens de protection des troupeaux Suisse<\/title>\n<meta name=\"robots\" content=\"index, follow, max-snippet:-1, max-image-preview:large, max-video-preview:-1\" \/>\n<link rel=\"canonical\" href=\"https:\/\/www.cpt-ch.ch\/fr\/cpt-ch\/organisation\/\" \/>\n<meta property=\"og:locale\" content=\"fr_FR\" \/>\n<meta property=\"og:type\" content=\"article\" \/>\n<meta property=\"og:title\" content=\"Organisation - Chiens de protection des troupeaux Suisse\" \/>\n<meta property=\"og:description\" content=\"L\u2019Association des chiens de protection des troupeaux de Suisse (CPT-CH) a \u00e9t\u00e9 accr\u00e9dit\u00e9e par la Conf\u00e9d\u00e9ration pour l\u2019\u00e9levage et la formation des deux races reconnues de chiens de protection des troupeaux (CPT) Pastore Abruzzese et Montagne des Pyr\u00e9n\u00e9es jusqu\u2019au 1er f\u00e9vrier 2025. Depuis l\u2019entr\u00e9e en vigueur de la nouvelle ordonnance sur la chasse, l\u2019association n\u2019est [&hellip;]\" \/>\n<meta property=\"og:url\" content=\"https:\/\/www.cpt-ch.ch\/fr\/cpt-ch\/organisation\/\" \/>\n<meta property=\"og:site_name\" content=\"Chiens de protection des troupeaux Suisse\" \/>\n<meta property=\"article:modified_time\" content=\"2025-06-03T06:33:18+00:00\" \/>\n<meta name=\"twitter:card\" content=\"summary_large_image\" \/>\n<meta name=\"twitter:label1\" content=\"Dur\u00e9e de lecture estim\u00e9e\" \/>\n\t<meta name=\"twitter:data1\" content=\"2 minutes\" \/>\n<script type=\"application\/ld+json\" class=\"yoast-schema-graph\">{\"@context\":\"https:\\\/\\\/schema.org\",\"@graph\":[{\"@type\":\"WebPage\",\"@id\":\"https:\\\/\\\/www.cpt-ch.ch\\\/fr\\\/cpt-ch\\\/organisation\\\/\",\"url\":\"https:\\\/\\\/www.cpt-ch.ch\\\/fr\\\/cpt-ch\\\/organisation\\\/\",\"name\":\"Organisation - Chiens de protection des troupeaux Suisse\",\"isPartOf\":{\"@id\":\"https:\\\/\\\/www.cpt-ch.ch\\\/fr\\\/#website\"},\"datePublished\":\"2020-05-20T16:47:33+00:00\",\"dateModified\":\"2025-06-03T06:33:18+00:00\",\"breadcrumb\":{\"@id\":\"https:\\\/\\\/www.cpt-ch.ch\\\/fr\\\/cpt-ch\\\/organisation\\\/#breadcrumb\"},\"inLanguage\":\"fr-FR\",\"potentialAction\":[{\"@type\":\"ReadAction\",\"target\":[\"https:\\\/\\\/www.cpt-ch.ch\\\/fr\\\/cpt-ch\\\/organisation\\\/\"]}]},{\"@type\":\"BreadcrumbList\",\"@id\":\"https:\\\/\\\/www.cpt-ch.ch\\\/fr\\\/cpt-ch\\\/organisation\\\/#breadcrumb\",\"itemListElement\":[{\"@type\":\"ListItem\",\"position\":1,\"name\":\"Startseite\",\"item\":\"https:\\\/\\\/www.cpt-ch.ch\\\/fr\\\/\"},{\"@type\":\"ListItem\",\"position\":2,\"name\":\"CPT-CH\",\"item\":\"https:\\\/\\\/www.cpt-ch.ch\\\/fr\\\/cpt-ch\\\/\"},{\"@type\":\"ListItem\",\"position\":3,\"name\":\"Organisation\"}]},{\"@type\":\"WebSite\",\"@id\":\"https:\\\/\\\/www.cpt-ch.ch\\\/fr\\\/#website\",\"url\":\"https:\\\/\\\/www.cpt-ch.ch\\\/fr\\\/\",\"name\":\"Chiens de protection des troupeaux Suisse\",\"description\":\"\",\"potentialAction\":[{\"@type\":\"SearchAction\",\"target\":{\"@type\":\"EntryPoint\",\"urlTemplate\":\"https:\\\/\\\/www.cpt-ch.ch\\\/fr\\\/?s={search_term_string}\"},\"query-input\":{\"@type\":\"PropertyValueSpecification\",\"valueRequired\":true,\"valueName\":\"search_term_string\"}}],\"inLanguage\":\"fr-FR\"}]}<\/script>\n<!-- \/ Yoast SEO plugin. -->","yoast_head_json":{"title":"Organisation - Chiens de protection des troupeaux Suisse","robots":{"index":"index","follow":"follow","max-snippet":"max-snippet:-1","max-image-preview":"max-image-preview:large","max-video-preview":"max-video-preview:-1"},"canonical":"https:\/\/www.cpt-ch.ch\/fr\/cpt-ch\/organisation\/","og_locale":"fr_FR","og_type":"article","og_title":"Organisation - Chiens de protection des troupeaux Suisse","og_description":"L\u2019Association des chiens de protection des troupeaux de Suisse (CPT-CH) a \u00e9t\u00e9 accr\u00e9dit\u00e9e par la Conf\u00e9d\u00e9ration pour l\u2019\u00e9levage et la formation des deux races reconnues de chiens de protection des troupeaux (CPT) Pastore Abruzzese et Montagne des Pyr\u00e9n\u00e9es jusqu\u2019au 1er f\u00e9vrier 2025. Depuis l\u2019entr\u00e9e en vigueur de la nouvelle ordonnance sur la chasse, l\u2019association n\u2019est [&hellip;]","og_url":"https:\/\/www.cpt-ch.ch\/fr\/cpt-ch\/organisation\/","og_site_name":"Chiens de protection des troupeaux Suisse","article_modified_time":"2025-06-03T06:33:18+00:00","twitter_card":"summary_large_image","twitter_misc":{"Dur\u00e9e de lecture estim\u00e9e":"2 minutes"},"schema":{"@context":"https:\/\/schema.org","@graph":[{"@type":"WebPage","@id":"https:\/\/www.cpt-ch.ch\/fr\/cpt-ch\/organisation\/","url":"https:\/\/www.cpt-ch.ch\/fr\/cpt-ch\/organisation\/","name":"Organisation - Chiens de protection des troupeaux Suisse","isPartOf":{"@id":"https:\/\/www.cpt-ch.ch\/fr\/#website"},"datePublished":"2020-05-20T16:47:33+00:00","dateModified":"2025-06-03T06:33:18+00:00","breadcrumb":{"@id":"https:\/\/www.cpt-ch.ch\/fr\/cpt-ch\/organisation\/#breadcrumb"},"inLanguage":"fr-FR","potentialAction":[{"@type":"ReadAction","target":["https:\/\/www.cpt-ch.ch\/fr\/cpt-ch\/organisation\/"]}]},{"@type":"BreadcrumbList","@id":"https:\/\/www.cpt-ch.ch\/fr\/cpt-ch\/organisation\/#breadcrumb","itemListElement":[{"@type":"ListItem","position":1,"name":"Startseite","item":"https:\/\/www.cpt-ch.ch\/fr\/"},{"@type":"ListItem","position":2,"name":"CPT-CH","item":"https:\/\/www.cpt-ch.ch\/fr\/cpt-ch\/"},{"@type":"ListItem","position":3,"name":"Organisation"}]},{"@type":"WebSite","@id":"https:\/\/www.cpt-ch.ch\/fr\/#website","url":"https:\/\/www.cpt-ch.ch\/fr\/","name":"Chiens de protection des troupeaux Suisse","description":"","potentialAction":[{"@type":"SearchAction","target":{"@type":"EntryPoint","urlTemplate":"https:\/\/www.cpt-ch.ch\/fr\/?s={search_term_string}"},"query-input":{"@type":"PropertyValueSpecification","valueRequired":true,"valueName":"search_term_string"}}],"inLanguage":"fr-FR"}]}},"_links":{"self":[{"href":"https:\/\/www.cpt-ch.ch\/fr\/wp-json\/wp\/v2\/pages\/2014","targetHints":{"allow":["GET"]}}],"collection":[{"href":"https:\/\/www.cpt-ch.ch\/fr\/wp-json\/wp\/v2\/pages"}],"about":[{"href":"https:\/\/www.cpt-ch.ch\/fr\/wp-json\/wp\/v2\/types\/page"}],"author":[{"embeddable":true,"href":"https:\/\/www.cpt-ch.ch\/fr\/wp-json\/wp\/v2\/users\/3"}],"replies":[{"embeddable":true,"href":"https:\/\/www.cpt-ch.ch\/fr\/wp-json\/wp\/v2\/comments?post=2014"}],"version-history":[{"count":9,"href":"https:\/\/www.cpt-ch.ch\/fr\/wp-json\/wp\/v2\/pages\/2014\/revisions"}],"predecessor-version":[{"id":3072,"href":"https:\/\/www.cpt-ch.ch\/fr\/wp-json\/wp\/v2\/pages\/2014\/revisions\/3072"}],"up":[{"embeddable":true,"href":"https:\/\/www.cpt-ch.ch\/fr\/wp-json\/wp\/v2\/pages\/200"}],"wp:attachment":[{"href":"https:\/\/www.cpt-ch.ch\/fr\/wp-json\/wp\/v2\/media?parent=2014"}],"curies":[{"name":"wp","href":"https:\/\/api.w.org\/{rel}","templated":true}]}}