{"id":2011,"date":"2020-05-20T18:38:31","date_gmt":"2020-05-20T16:38:31","guid":{"rendered":"https:\/\/www.cpt-ch.ch\/?page_id=2011"},"modified":"2024-11-28T16:28:24","modified_gmt":"2024-11-28T15:28:24","slug":"principes","status":"publish","type":"page","link":"https:\/\/www.cpt-ch.ch\/fr\/elevage\/principes\/","title":{"rendered":"Principes"},"content":{"rendered":"<p>L&#8217;association Chiens de protection des troupeaux Suisse (CPT-CH) con\u00e7oit le chien de protection des troupeaux (ci-apr\u00e8s CPT) comme un patrimoine culturel qui s&#8217;est d\u00e9velopp\u00e9 avec la domestication des moutons dans les cultures pastorales eurasiennes et en lien avec la pr\u00e9sence de grands pr\u00e9dateurs. Nous sommes convaincus qu&#8217;aujourd&#8217;hui encore, certains CPT ont les comp\u00e9tences et les qualit\u00e9s n\u00e9cessaires pour prot\u00e9ger les troupeaux. Notre mission est de reconna\u00eetre ces comp\u00e9tences, ainsi que de les maintenir et les valoriser gr\u00e2ce \u00e0 un <a href=\"https:\/\/www.cpt-ch.ch\/fr\/cpt-ch\/principes\/\" target=\"_blank\" rel=\"noopener noreferrer\"><strong><u>\u00e9levage d&#8217;\u00e9lite<\/u><\/strong><\/a> appropri\u00e9<em>.<\/em> Un \u00e9levage performant n\u00e9cessite une\u00a0<strong><a href=\"https:\/\/www.cpt-ch.ch\/wp-content\/uploads\/Hundepopulation-Z\u00fcchterausbildung-Theoriekurs.pdf\" target=\"_blank\" rel=\"noopener noreferrer\">population de chiens<\/a><\/strong> assez importante pour assurer une s\u00e9lection suffisante<strong><em>.<\/em><\/strong> CPT-CH rassemble les \u00e9leveurs qui adh\u00e8rent \u00e0 ces principes et les mettent en \u0153uvre dans leurs exploitations.<\/p>\n<p>En Suisse, les CPT ne constituent pas un <a href=\"https:\/\/www.cpt-ch.ch\/wp-content\/uploads\/Riconoscimento-del-cane-bianco-italiano.pdf\" target=\"_blank\" rel=\"noopener noreferrer\"><strong>patrimoine culturel<\/strong><\/a>, car au fil des si\u00e8cles nous avons \u00e9tabli une culture de vachers (ou bouviers) et non une culture pastorale. Cela se refl\u00e8te dans les trois races de chiens suisses typiques que sont les bouviers bernois, de l&#8217;Entlebuch, et de l\u2019Appenzell. Avec le retour du loup il y a environ 25 ans, les CPT \u2013 Pastore Abruzzese et Montagne des Pyr\u00e9n\u00e9es\u00a0 \u2013 ont \u00e9t\u00e9 import\u00e9s en Suisse de nos pays voisins, l&#8217;Italie et la France. Depuis sa fondation en 2011, CPT-CH r\u00e9unit les \u00e9leveurs et les d\u00e9tenteurs de ces deux races. Par mesure de pr\u00e9caution, ces deux races ne sont actuellement pas crois\u00e9es.<\/p>\n<p>L\u2019association CPT-CH est convaincue que l&#8217;\u00e9levage d&#8217;\u00e9lite permet d&#8217;\u00e9lever des CPT qui ne pr\u00e9sentent pas de danger pour la soci\u00e9t\u00e9. Cependant, leur mode de travail ind\u00e9pendant, qui implique qu\u2019ils sont pour la plupart du temps sans surveillance, engendre un potentiel de conflit consid\u00e9rable. La solution \u00e0 de tels conflits ne r\u00e9side pas uniquement dans le comportement canin, mais n\u00e9cessite l&#8217;implication d&#8217;autres <a href=\"https:\/\/www.cpt-ch.ch\/fr\/cpt-ch\/organisation\/\" target=\"_blank\" rel=\"noopener noreferrer\"><strong><u>acteurs<\/u><\/strong><\/a> ext\u00e9rieurs \u00e0 l&#8217;association.<\/p>\n<p>Les objectifs et les t\u00e2ches de CPT-CH sont d\u00e9finis dans les <strong><a href=\"https:\/\/www.cpt-ch.ch\/wp-content\/uploads\/STATUTS_CPT-CH_2024_valide.pdf\" target=\"_blank\" rel=\"noopener\">statuts<\/a><\/strong> (\u00e9tat : novembre 2024).<\/p>\n","protected":false},"excerpt":{"rendered":"<p>L&#8217;association Chiens de protection des troupeaux Suisse (CPT-CH) con\u00e7oit le chien de protection des troupeaux (ci-apr\u00e8s CPT) comme un patrimoine culturel qui s&#8217;est d\u00e9velopp\u00e9 avec la domestication des moutons dans les cultures pastorales eurasiennes et en lien avec la pr\u00e9sence de grands pr\u00e9dateurs. Nous sommes convaincus qu&#8217;aujourd&#8217;hui encore, certains CPT ont les comp\u00e9tences et les [&hellip;]<\/p>\n","protected":false},"author":3,"featured_media":0,"parent":1492,"menu_order":1,"comment_status":"closed","ping_status":"closed","template":"","meta":{"_acf_changed":false,"footnotes":""},"class_list":["post-2011","page","type-page","status-publish","hentry"],"acf":[],"yoast_head":"<!-- This site is optimized with the Yoast SEO plugin v27.4 - https:\/\/yoast.com\/product\/yoast-seo-wordpress\/ -->\n<title>Principes - Chiens de protection des troupeaux Suisse<\/title>\n<meta name=\"robots\" content=\"index, follow, max-snippet:-1, max-image-preview:large, max-video-preview:-1\" \/>\n<link rel=\"canonical\" href=\"https:\/\/www.cpt-ch.ch\/fr\/elevage\/principes\/\" \/>\n<meta property=\"og:locale\" content=\"fr_FR\" \/>\n<meta property=\"og:type\" content=\"article\" \/>\n<meta property=\"og:title\" content=\"Principes - Chiens de protection des troupeaux Suisse\" \/>\n<meta property=\"og:description\" content=\"L&#8217;association Chiens de protection des troupeaux Suisse (CPT-CH) con\u00e7oit le chien de protection des troupeaux (ci-apr\u00e8s CPT) comme un patrimoine culturel qui s&#8217;est d\u00e9velopp\u00e9 avec la domestication des moutons dans les cultures pastorales eurasiennes et en lien avec la pr\u00e9sence de grands pr\u00e9dateurs. Nous sommes convaincus qu&#8217;aujourd&#8217;hui encore, certains CPT ont les comp\u00e9tences et les [&hellip;]\" \/>\n<meta property=\"og:url\" content=\"https:\/\/www.cpt-ch.ch\/fr\/elevage\/principes\/\" \/>\n<meta property=\"og:site_name\" content=\"Chiens de protection des troupeaux Suisse\" \/>\n<meta property=\"article:modified_time\" content=\"2024-11-28T15:28:24+00:00\" \/>\n<meta name=\"twitter:card\" content=\"summary_large_image\" \/>\n<meta name=\"twitter:label1\" content=\"Dur\u00e9e de lecture estim\u00e9e\" \/>\n\t<meta name=\"twitter:data1\" content=\"3 minutes\" \/>\n<script type=\"application\/ld+json\" class=\"yoast-schema-graph\">{\"@context\":\"https:\\\/\\\/schema.org\",\"@graph\":[{\"@type\":\"WebPage\",\"@id\":\"https:\\\/\\\/www.cpt-ch.ch\\\/fr\\\/elevage\\\/principes\\\/\",\"url\":\"https:\\\/\\\/www.cpt-ch.ch\\\/fr\\\/elevage\\\/principes\\\/\",\"name\":\"Principes - Chiens de protection des troupeaux Suisse\",\"isPartOf\":{\"@id\":\"https:\\\/\\\/www.cpt-ch.ch\\\/fr\\\/#website\"},\"datePublished\":\"2020-05-20T16:38:31+00:00\",\"dateModified\":\"2024-11-28T15:28:24+00:00\",\"breadcrumb\":{\"@id\":\"https:\\\/\\\/www.cpt-ch.ch\\\/fr\\\/elevage\\\/principes\\\/#breadcrumb\"},\"inLanguage\":\"fr-FR\",\"potentialAction\":[{\"@type\":\"ReadAction\",\"target\":[\"https:\\\/\\\/www.cpt-ch.ch\\\/fr\\\/elevage\\\/principes\\\/\"]}]},{\"@type\":\"BreadcrumbList\",\"@id\":\"https:\\\/\\\/www.cpt-ch.ch\\\/fr\\\/elevage\\\/principes\\\/#breadcrumb\",\"itemListElement\":[{\"@type\":\"ListItem\",\"position\":1,\"name\":\"Startseite\",\"item\":\"https:\\\/\\\/www.cpt-ch.ch\\\/fr\\\/\"},{\"@type\":\"ListItem\",\"position\":2,\"name\":\"\u00c9levage\",\"item\":\"https:\\\/\\\/www.cpt-ch.ch\\\/fr\\\/elevage\\\/\"},{\"@type\":\"ListItem\",\"position\":3,\"name\":\"Principes\"}]},{\"@type\":\"WebSite\",\"@id\":\"https:\\\/\\\/www.cpt-ch.ch\\\/fr\\\/#website\",\"url\":\"https:\\\/\\\/www.cpt-ch.ch\\\/fr\\\/\",\"name\":\"Chiens de protection des troupeaux Suisse\",\"description\":\"\",\"potentialAction\":[{\"@type\":\"SearchAction\",\"target\":{\"@type\":\"EntryPoint\",\"urlTemplate\":\"https:\\\/\\\/www.cpt-ch.ch\\\/fr\\\/?s={search_term_string}\"},\"query-input\":{\"@type\":\"PropertyValueSpecification\",\"valueRequired\":true,\"valueName\":\"search_term_string\"}}],\"inLanguage\":\"fr-FR\"}]}<\/script>\n<!-- \/ Yoast SEO plugin. -->","yoast_head_json":{"title":"Principes - Chiens de protection des troupeaux Suisse","robots":{"index":"index","follow":"follow","max-snippet":"max-snippet:-1","max-image-preview":"max-image-preview:large","max-video-preview":"max-video-preview:-1"},"canonical":"https:\/\/www.cpt-ch.ch\/fr\/elevage\/principes\/","og_locale":"fr_FR","og_type":"article","og_title":"Principes - Chiens de protection des troupeaux Suisse","og_description":"L&#8217;association Chiens de protection des troupeaux Suisse (CPT-CH) con\u00e7oit le chien de protection des troupeaux (ci-apr\u00e8s CPT) comme un patrimoine culturel qui s&#8217;est d\u00e9velopp\u00e9 avec la domestication des moutons dans les cultures pastorales eurasiennes et en lien avec la pr\u00e9sence de grands pr\u00e9dateurs. Nous sommes convaincus qu&#8217;aujourd&#8217;hui encore, certains CPT ont les comp\u00e9tences et les [&hellip;]","og_url":"https:\/\/www.cpt-ch.ch\/fr\/elevage\/principes\/","og_site_name":"Chiens de protection des troupeaux Suisse","article_modified_time":"2024-11-28T15:28:24+00:00","twitter_card":"summary_large_image","twitter_misc":{"Dur\u00e9e de lecture estim\u00e9e":"3 minutes"},"schema":{"@context":"https:\/\/schema.org","@graph":[{"@type":"WebPage","@id":"https:\/\/www.cpt-ch.ch\/fr\/elevage\/principes\/","url":"https:\/\/www.cpt-ch.ch\/fr\/elevage\/principes\/","name":"Principes - Chiens de protection des troupeaux Suisse","isPartOf":{"@id":"https:\/\/www.cpt-ch.ch\/fr\/#website"},"datePublished":"2020-05-20T16:38:31+00:00","dateModified":"2024-11-28T15:28:24+00:00","breadcrumb":{"@id":"https:\/\/www.cpt-ch.ch\/fr\/elevage\/principes\/#breadcrumb"},"inLanguage":"fr-FR","potentialAction":[{"@type":"ReadAction","target":["https:\/\/www.cpt-ch.ch\/fr\/elevage\/principes\/"]}]},{"@type":"BreadcrumbList","@id":"https:\/\/www.cpt-ch.ch\/fr\/elevage\/principes\/#breadcrumb","itemListElement":[{"@type":"ListItem","position":1,"name":"Startseite","item":"https:\/\/www.cpt-ch.ch\/fr\/"},{"@type":"ListItem","position":2,"name":"\u00c9levage","item":"https:\/\/www.cpt-ch.ch\/fr\/elevage\/"},{"@type":"ListItem","position":3,"name":"Principes"}]},{"@type":"WebSite","@id":"https:\/\/www.cpt-ch.ch\/fr\/#website","url":"https:\/\/www.cpt-ch.ch\/fr\/","name":"Chiens de protection des troupeaux Suisse","description":"","potentialAction":[{"@type":"SearchAction","target":{"@type":"EntryPoint","urlTemplate":"https:\/\/www.cpt-ch.ch\/fr\/?s={search_term_string}"},"query-input":{"@type":"PropertyValueSpecification","valueRequired":true,"valueName":"search_term_string"}}],"inLanguage":"fr-FR"}]}},"_links":{"self":[{"href":"https:\/\/www.cpt-ch.ch\/fr\/wp-json\/wp\/v2\/pages\/2011","targetHints":{"allow":["GET"]}}],"collection":[{"href":"https:\/\/www.cpt-ch.ch\/fr\/wp-json\/wp\/v2\/pages"}],"about":[{"href":"https:\/\/www.cpt-ch.ch\/fr\/wp-json\/wp\/v2\/types\/page"}],"author":[{"embeddable":true,"href":"https:\/\/www.cpt-ch.ch\/fr\/wp-json\/wp\/v2\/users\/3"}],"replies":[{"embeddable":true,"href":"https:\/\/www.cpt-ch.ch\/fr\/wp-json\/wp\/v2\/comments?post=2011"}],"version-history":[{"count":7,"href":"https:\/\/www.cpt-ch.ch\/fr\/wp-json\/wp\/v2\/pages\/2011\/revisions"}],"predecessor-version":[{"id":2989,"href":"https:\/\/www.cpt-ch.ch\/fr\/wp-json\/wp\/v2\/pages\/2011\/revisions\/2989"}],"up":[{"embeddable":true,"href":"https:\/\/www.cpt-ch.ch\/fr\/wp-json\/wp\/v2\/pages\/1492"}],"wp:attachment":[{"href":"https:\/\/www.cpt-ch.ch\/fr\/wp-json\/wp\/v2\/media?parent=2011"}],"curies":[{"name":"wp","href":"https:\/\/api.w.org\/{rel}","templated":true}]}}