{"id":197,"date":"2018-01-09T18:12:26","date_gmt":"2018-01-09T17:12:26","guid":{"rendered":"https:\/\/www.cpt-ch.ch\/startseite\/"},"modified":"2026-01-19T10:07:43","modified_gmt":"2026-01-19T09:07:43","slug":"startseite","status":"publish","type":"page","link":"https:\/\/www.cpt-ch.ch\/fr\/","title":{"rendered":"Bienvenue \u00e0 l&#8217;association Chiens de protection des troupeaux Suisse"},"content":{"rendered":"<h3 style=\"text-align: center;\"><a href=\"https:\/\/hsh.zuchtmanagement.info\/home.php\"><strong>Link zur neuen Datenbank HSH Schweiz<\/strong><\/a><\/h3>\n<div id=\"attachment_1592\" style=\"width: 160px\" class=\"wp-caption aligncenter\"><a href=\"https:\/\/hsh.zuchtmanagement.info\/home.php\"><img loading=\"lazy\" decoding=\"async\" aria-describedby=\"caption-attachment-1592\" class=\"wp-image-1592 size-thumbnail\" src=\"https:\/\/www.cpt-ch.ch\/wp-content\/uploads\/\/3_Zucht-Grunds\u00e4tze-Bild-kl-Junghunde-150x150.jpg\" alt=\"Datenbank Herdenschutzhunde Schweiz\" width=\"150\" height=\"150\" \/><\/a><p id=\"caption-attachment-1592\" class=\"wp-caption-text\">Cliquez pour ouvrir<\/p><\/div>\n<p>&nbsp;<\/p>\n<p>L&#8217;association Chiens de protection des troupeaux Suisse, en abr\u00e9g\u00e9 CPT-CH , r\u00e9unit des personnes qui s&#8217;occupent intensivement de chiens de protection des troupeaux utilis\u00e9s activement. Outre les \u00e9leveurs de chiens de protection des troupeaux, elle s&#8217;adresse en premier lieu aux \u00e9leveurs d&#8217;animaux de rente qui prot\u00e8gent leurs troupeaux \u00e0 l&#8217;aide de chiens de protection. Les t\u00e2ches principales de l&#8217;association comprennent l&#8217;\u00e9levage et la formation de chiens de protection des troupeaux, le conseil, la formation initiale et continue de ses membres ainsi que la repr\u00e9sentation des int\u00e9r\u00eats de ses membres aupr\u00e8s des autorit\u00e9s d&#8217;ex\u00e9cution et de la soci\u00e9t\u00e9.<\/p>\n<p>&nbsp;<\/p>\n<p>&nbsp;<\/p>\n<p><a href=\"https:\/\/www.gallagher.eu\/de_ch\"><img loading=\"lazy\" decoding=\"async\" class=\"alignleft wp-image-3227 size-medium\" src=\"https:\/\/www.cpt-ch.ch\/wp-content\/uploads\/\/Gallagher-300x98.png\" alt=\"\" width=\"300\" height=\"98\" srcset=\"https:\/\/www.cpt-ch.ch\/wp-content\/uploads\/Gallagher-300x98.png 300w, https:\/\/www.cpt-ch.ch\/wp-content\/uploads\/Gallagher-1024x334.png 1024w, https:\/\/www.cpt-ch.ch\/wp-content\/uploads\/Gallagher-768x251.png 768w, https:\/\/www.cpt-ch.ch\/wp-content\/uploads\/Gallagher.png 1280w\" sizes=\"auto, (max-width: 300px) 100vw, 300px\" \/><\/a> <a href=\"https:\/\/www.petzeba.ch\/\"><img loading=\"lazy\" decoding=\"async\" class=\"alignright wp-image-3235 size-full\" src=\"https:\/\/www.cpt-ch.ch\/wp-content\/uploads\/logo-petZEBA-AG-200.png\" alt=\"\" width=\"200\" height=\"32\" \/><\/a><\/p>\n<p><a href=\"https:\/\/www.animalfoodag.ch\/\"><img loading=\"lazy\" decoding=\"async\" class=\"aligncenter wp-image-3271 size-full\" src=\"https:\/\/www.cpt-ch.ch\/wp-content\/uploads\/Screenshot-2025-12-13-093351.jpg\" alt=\"\" width=\"290\" height=\"53\" \/><\/a><\/p>\n","protected":false},"excerpt":{"rendered":"<p>Link zur neuen Datenbank HSH Schweiz &nbsp; L&#8217;association Chiens de protection des troupeaux Suisse, en abr\u00e9g\u00e9 CPT-CH , r\u00e9unit des personnes qui s&#8217;occupent intensivement de chiens de protection des troupeaux utilis\u00e9s activement. Outre les \u00e9leveurs de chiens de protection des troupeaux, elle s&#8217;adresse en premier lieu aux \u00e9leveurs d&#8217;animaux de rente qui prot\u00e8gent leurs troupeaux [&hellip;]<\/p>\n","protected":false},"author":1,"featured_media":0,"parent":0,"menu_order":1,"comment_status":"closed","ping_status":"closed","template":"page-home.php","meta":{"_acf_changed":false,"footnotes":""},"class_list":["post-197","page","type-page","status-publish","hentry"],"acf":[],"yoast_head":"<!-- This site is optimized with the Yoast SEO plugin v27.5 - https:\/\/yoast.com\/product\/yoast-seo-wordpress\/ -->\n<title>Bienvenue \u00e0 l&#039;association Chiens de protection des troupeaux Suisse - Chiens de protection des troupeaux Suisse<\/title>\n<meta name=\"description\" content=\"Bienvenue \u00e0 l&#039;Association Chiens de protection des trouepaux Suisse!\" \/>\n<meta name=\"robots\" content=\"index, follow, max-snippet:-1, max-image-preview:large, max-video-preview:-1\" \/>\n<link rel=\"canonical\" href=\"https:\/\/www.cpt-ch.ch\/fr\/\" \/>\n<meta property=\"og:locale\" content=\"fr_FR\" \/>\n<meta property=\"og:type\" content=\"article\" \/>\n<meta property=\"og:title\" content=\"Bienvenue \u00e0 l&#039;association Chiens de protection des troupeaux Suisse - Chiens de protection des troupeaux Suisse\" \/>\n<meta property=\"og:description\" content=\"Bienvenue \u00e0 l&#039;Association Chiens de protection des trouepaux Suisse!\" \/>\n<meta property=\"og:url\" content=\"https:\/\/www.cpt-ch.ch\/fr\/\" \/>\n<meta property=\"og:site_name\" content=\"Chiens de protection des troupeaux Suisse\" \/>\n<meta property=\"article:modified_time\" content=\"2026-01-19T09:07:43+00:00\" \/>\n<meta property=\"og:image\" content=\"https:\/\/www.cpt-ch.ch\/wp-content\/uploads\/\/Gallagher-300x98.png\" \/>\n<meta name=\"twitter:card\" content=\"summary_large_image\" \/>\n<meta name=\"twitter:label1\" content=\"Dur\u00e9e de lecture estim\u00e9e\" \/>\n\t<meta name=\"twitter:data1\" content=\"3 minutes\" \/>\n<script type=\"application\/ld+json\" class=\"yoast-schema-graph\">{\"@context\":\"https:\\\/\\\/schema.org\",\"@graph\":[{\"@type\":\"WebPage\",\"@id\":\"https:\\\/\\\/www.cpt-ch.ch\\\/fr\\\/\",\"url\":\"https:\\\/\\\/www.cpt-ch.ch\\\/fr\\\/\",\"name\":\"Bienvenue \u00e0 l'association Chiens de protection des troupeaux Suisse - Chiens de protection des troupeaux Suisse\",\"isPartOf\":{\"@id\":\"https:\\\/\\\/www.cpt-ch.ch\\\/fr\\\/#website\"},\"primaryImageOfPage\":{\"@id\":\"https:\\\/\\\/www.cpt-ch.ch\\\/fr\\\/#primaryimage\"},\"image\":{\"@id\":\"https:\\\/\\\/www.cpt-ch.ch\\\/fr\\\/#primaryimage\"},\"thumbnailUrl\":\"https:\\\/\\\/www.cpt-ch.ch\\\/wp-content\\\/uploads\\\/\\\/Gallagher-300x98.png\",\"datePublished\":\"2018-01-09T17:12:26+00:00\",\"dateModified\":\"2026-01-19T09:07:43+00:00\",\"description\":\"Bienvenue \u00e0 l'Association Chiens de protection des trouepaux Suisse!\",\"breadcrumb\":{\"@id\":\"https:\\\/\\\/www.cpt-ch.ch\\\/fr\\\/#breadcrumb\"},\"inLanguage\":\"fr-FR\",\"potentialAction\":[{\"@type\":\"ReadAction\",\"target\":[\"https:\\\/\\\/www.cpt-ch.ch\\\/fr\\\/\"]}]},{\"@type\":\"ImageObject\",\"inLanguage\":\"fr-FR\",\"@id\":\"https:\\\/\\\/www.cpt-ch.ch\\\/fr\\\/#primaryimage\",\"url\":\"https:\\\/\\\/www.cpt-ch.ch\\\/wp-content\\\/uploads\\\/\\\/Gallagher-300x98.png\",\"contentUrl\":\"https:\\\/\\\/www.cpt-ch.ch\\\/wp-content\\\/uploads\\\/\\\/Gallagher-300x98.png\"},{\"@type\":\"BreadcrumbList\",\"@id\":\"https:\\\/\\\/www.cpt-ch.ch\\\/fr\\\/#breadcrumb\",\"itemListElement\":[{\"@type\":\"ListItem\",\"position\":1,\"name\":\"Startseite\",\"item\":\"https:\\\/\\\/www.cpt-ch.ch\\\/fr\\\/\"},{\"@type\":\"ListItem\",\"position\":2,\"name\":\"Bienvenue \u00e0 l&#8217;association Chiens de protection des troupeaux Suisse\"}]},{\"@type\":\"WebSite\",\"@id\":\"https:\\\/\\\/www.cpt-ch.ch\\\/fr\\\/#website\",\"url\":\"https:\\\/\\\/www.cpt-ch.ch\\\/fr\\\/\",\"name\":\"Chiens de protection des troupeaux Suisse\",\"description\":\"\",\"potentialAction\":[{\"@type\":\"SearchAction\",\"target\":{\"@type\":\"EntryPoint\",\"urlTemplate\":\"https:\\\/\\\/www.cpt-ch.ch\\\/fr\\\/?s={search_term_string}\"},\"query-input\":{\"@type\":\"PropertyValueSpecification\",\"valueRequired\":true,\"valueName\":\"search_term_string\"}}],\"inLanguage\":\"fr-FR\"}]}<\/script>\n<!-- \/ Yoast SEO plugin. -->","yoast_head_json":{"title":"Bienvenue \u00e0 l'association Chiens de protection des troupeaux Suisse - Chiens de protection des troupeaux Suisse","description":"Bienvenue \u00e0 l'Association Chiens de protection des trouepaux Suisse!","robots":{"index":"index","follow":"follow","max-snippet":"max-snippet:-1","max-image-preview":"max-image-preview:large","max-video-preview":"max-video-preview:-1"},"canonical":"https:\/\/www.cpt-ch.ch\/fr\/","og_locale":"fr_FR","og_type":"article","og_title":"Bienvenue \u00e0 l'association Chiens de protection des troupeaux Suisse - Chiens de protection des troupeaux Suisse","og_description":"Bienvenue \u00e0 l'Association Chiens de protection des trouepaux Suisse!","og_url":"https:\/\/www.cpt-ch.ch\/fr\/","og_site_name":"Chiens de protection des troupeaux Suisse","article_modified_time":"2026-01-19T09:07:43+00:00","og_image":[{"url":"https:\/\/www.cpt-ch.ch\/wp-content\/uploads\/\/Gallagher-300x98.png","type":"","width":"","height":""}],"twitter_card":"summary_large_image","twitter_misc":{"Dur\u00e9e de lecture estim\u00e9e":"3 minutes"},"schema":{"@context":"https:\/\/schema.org","@graph":[{"@type":"WebPage","@id":"https:\/\/www.cpt-ch.ch\/fr\/","url":"https:\/\/www.cpt-ch.ch\/fr\/","name":"Bienvenue \u00e0 l'association Chiens de protection des troupeaux Suisse - Chiens de protection des troupeaux Suisse","isPartOf":{"@id":"https:\/\/www.cpt-ch.ch\/fr\/#website"},"primaryImageOfPage":{"@id":"https:\/\/www.cpt-ch.ch\/fr\/#primaryimage"},"image":{"@id":"https:\/\/www.cpt-ch.ch\/fr\/#primaryimage"},"thumbnailUrl":"https:\/\/www.cpt-ch.ch\/wp-content\/uploads\/\/Gallagher-300x98.png","datePublished":"2018-01-09T17:12:26+00:00","dateModified":"2026-01-19T09:07:43+00:00","description":"Bienvenue \u00e0 l'Association Chiens de protection des trouepaux Suisse!","breadcrumb":{"@id":"https:\/\/www.cpt-ch.ch\/fr\/#breadcrumb"},"inLanguage":"fr-FR","potentialAction":[{"@type":"ReadAction","target":["https:\/\/www.cpt-ch.ch\/fr\/"]}]},{"@type":"ImageObject","inLanguage":"fr-FR","@id":"https:\/\/www.cpt-ch.ch\/fr\/#primaryimage","url":"https:\/\/www.cpt-ch.ch\/wp-content\/uploads\/\/Gallagher-300x98.png","contentUrl":"https:\/\/www.cpt-ch.ch\/wp-content\/uploads\/\/Gallagher-300x98.png"},{"@type":"BreadcrumbList","@id":"https:\/\/www.cpt-ch.ch\/fr\/#breadcrumb","itemListElement":[{"@type":"ListItem","position":1,"name":"Startseite","item":"https:\/\/www.cpt-ch.ch\/fr\/"},{"@type":"ListItem","position":2,"name":"Bienvenue \u00e0 l&#8217;association Chiens de protection des troupeaux Suisse"}]},{"@type":"WebSite","@id":"https:\/\/www.cpt-ch.ch\/fr\/#website","url":"https:\/\/www.cpt-ch.ch\/fr\/","name":"Chiens de protection des troupeaux Suisse","description":"","potentialAction":[{"@type":"SearchAction","target":{"@type":"EntryPoint","urlTemplate":"https:\/\/www.cpt-ch.ch\/fr\/?s={search_term_string}"},"query-input":{"@type":"PropertyValueSpecification","valueRequired":true,"valueName":"search_term_string"}}],"inLanguage":"fr-FR"}]}},"_links":{"self":[{"href":"https:\/\/www.cpt-ch.ch\/fr\/wp-json\/wp\/v2\/pages\/197","targetHints":{"allow":["GET"]}}],"collection":[{"href":"https:\/\/www.cpt-ch.ch\/fr\/wp-json\/wp\/v2\/pages"}],"about":[{"href":"https:\/\/www.cpt-ch.ch\/fr\/wp-json\/wp\/v2\/types\/page"}],"author":[{"embeddable":true,"href":"https:\/\/www.cpt-ch.ch\/fr\/wp-json\/wp\/v2\/users\/1"}],"replies":[{"embeddable":true,"href":"https:\/\/www.cpt-ch.ch\/fr\/wp-json\/wp\/v2\/comments?post=197"}],"version-history":[{"count":13,"href":"https:\/\/www.cpt-ch.ch\/fr\/wp-json\/wp\/v2\/pages\/197\/revisions"}],"predecessor-version":[{"id":3284,"href":"https:\/\/www.cpt-ch.ch\/fr\/wp-json\/wp\/v2\/pages\/197\/revisions\/3284"}],"wp:attachment":[{"href":"https:\/\/www.cpt-ch.ch\/fr\/wp-json\/wp\/v2\/media?parent=197"}],"curies":[{"name":"wp","href":"https:\/\/api.w.org\/{rel}","templated":true}]}}